{"id":2326,"date":"2016-07-11T12:49:04","date_gmt":"2016-07-11T10:49:04","guid":{"rendered":"https:\/\/protec-windows-always-again.com\/de\/?page_id=2326"},"modified":"2021-01-28T20:24:29","modified_gmt":"2021-01-28T19:24:29","slug":"start","status":"publish","type":"page","link":"https:\/\/protec-windows-always-again.com\/de\/","title":{"rendered":"Start"},"content":{"rendered":"<p>Heading<\/p>\n<h1>PROTEC FENSTER IMMER WIEDER<\/h1>\n<h2>Protec Fenster arbeitet seit 1996 in der Fabrikation, dem Vertrieb sowie der Montage von Fenstern und T\u00fcren des allerh\u00f6chsten Qualit\u00e4tsstandards<\/h2>\n<h5><a href=\"#testimonials\">Sehen Sie sich bitte unsere Kundenreaktionen an<\/a><\/h5>\n<p>center<\/p>\n<p>no-repeat;center top;;<\/p>\n<p>auto<\/p>\n<p>20px<\/p>\n<p>fadeIn<\/p>\n<p>40<\/p>\n<p>default<\/p>\n<p>default<\/p>\n<p>Desc<\/p>\n<p class=\"big\"><span class=\"dropcap size-2\" >D<\/span>\nie <a href=\"http:\/\/www.grupo-protec.com\/de\/\" target=\"_blank\" rel=\"noopener\">Protec Gruppe<\/a> begann 1996 an der Costa del sol mit der Herstellung, dem Vertrieb und der Montage von Fenster und T\u00fcren des allerh\u00f6chsten Qualit\u00e4tsstandards, vor allem im Raum Marbella. Seitdem haben Tausende von Kunden die Dienstleistungen der Protec Gruppe in Anspruch genommen und stetig zeigt die Zahl der zufriedenen Kunden. Und das ist auch nicht verwunderlich: Protec verwendet nur die besten Materialien und hat die erfahrensten Profis. Dar\u00fcber hinaus wird die Arbeit stets mit Leidenschaft ausgef\u00fchrt.<\/p>\n<p>Sie finden uns mitten im Herzen der Costa del Sol, in Mijas, und arbeiten haupts\u00e4chlich im Raum Marbella in der Provinz M\u00e1laga.<\/p>\n<p>left<\/p>\n<p>no-repeat;center top;;<\/p>\n<p>auto<\/p>\n<p>0px<\/p>\n<p>Hier k\u00f6nnen Sie mehr \u00fcber uns erfahren<\/p>\n<p><a href=\"https:\/\/grupo-protec.com\/de\/uber-uns\/\" target=\"_blank\" rel=\"noopener\">https:\/\/grupo-protec.com\/de\/uber-uns\/<\/a><\/p>\n<p>icon-users<\/p>\n<p>left<\/p>\n<p>theme<\/p>\n<p>https:\/\/protec-windows-always-again.com\/wp-content\/uploads\/2015\/10\/before1.gif<\/p>\n<p>https:\/\/protec-windows-always-again.com\/wp-content\/uploads\/2015\/10\/after1.gif<\/p>\n<p>Heading<\/p>\n<h2>UNSERE ZAHLEN<\/h2>\n<p>center<\/p>\n<p>no-repeat;center top;;<\/p>\n<p>auto<\/p>\n<p>Der Beginn<\/p>\n<p style=\"margin: 0 10%;\">Wir haben 1996 mit der Herstellung von Fenster und T\u00fcren begonnen<\/p>\n<p>1996<\/p>\n<p>TAUSENDE<\/p>\n<p>von Projekten<\/p>\n<p style=\"margin: 0 10%;\">Wir haben ein erfahrenes Team und Tausende von Projekten bereits gestemmt<\/p>\n<p>Jahre Erfahrung<\/p>\n<p style=\"margin: 0 10%;\">Im Anbieten von hoch qualitativen Fenstern<\/p>\n<p>20<\/p>\n<p>Heading<\/p>\n<h2>KUNDENREAKTIONEN<\/h2>\n<p>center<\/p>\n<p>no-repeat;center top;;<\/p>\n<p>auto<\/p>\n<p>20px<\/p>\n<p>40<\/p>\n<p>default<\/p>\n<p>default<\/p>\n<p>Desc<\/p>\n<h5>Sehen Sie sich einige Beispiele aus Hunderten von Kundenreaktionen an:<\/h5>\n<p>center<\/p>\n<p>no-repeat;center top;;<\/p>\n<p>auto<\/p>\n<li><h6>Kundenzufriedenheits-Quote<span class=\"label\">97<em>%<\/em><\/span><\/h6><div class=\"bar\" ><span class=\"progress\" style=\"width:97%\"><\/span><\/div><\/li>\n\n<p>Gute Qualit\u00e4t gepaart mit professioneller Betreuung &#8211; angefangen vom Angebot bis zur Montage &#8211; besser geht es nicht.<\/p>\n<p>Ursula Poelzer<\/p>\n<p>Very professional. I have enjoyed very much getting updates on working progress.<\/p>\n<p>Soren Jonsson<\/p>\n<p>In the process of his work we have no idea on how to improve it. All done professionally.<\/p>\n<p>Olga Velikanova<\/p>\n<p>Freundlich, schnelles Arbeiten, sehr profesionell!<\/p>\n<p>Brigitte Hoffmann &amp; Karl-Heinz Rose<\/p>\n<p>I can honestly say the service and quality of the work has been excellent and I plan to use you guys again for future work I am planning. You were excellent communicating with me, even though I was overseas, and understood the vision I had as well as the definition which meant you could advise me on the best way forward when we found potential issues.<\/p>\n<p>Marcos Gonzalez-Flower<\/p>\n<p>Many congratulations on this 20th anniversary. You have done a great job in building the company and certainly the work you have done for us has been superb. All the very best for the future.<\/p>\n<p>Malcolm and Carol<\/p>\n<p>Auf unser Hauptseite finden Sie mehr Kundenreaktionen<\/p>\n<p><a href=\"http:\/\/grupo-protec.com\/de\/kundenreaktionen\/\" target=\"_blank\" rel=\"noopener\">http:\/\/grupo-protec.com\/de\/kundenreaktionen\/<\/a><\/p>\n<p>center<\/p>\n<p>icon-search-line<\/p>\n<p>left<\/p>\n<p>theme<\/p>\n<p>Heading<\/p>\n<h2>EINIGE UNSERER ARBEITEN<\/h2>\n<p>center<\/p>\n<p>no-repeat;center top;;<\/p>\n<p>auto<\/p>\n<p>20px<\/p>\n<p>gallery<\/p>\n\n\t\t\t<style type='text\/css'>\n\t\t\t\t#gallery-1 {\n\t\t\t\t\tmargin: auto;\n\t\t\t\t}\n\t\t\t\t#gallery-1 .gallery-item {\n\t\t\t\t\tfloat: left;\n\t\t\t\t\tmargin-top: 10px;\n\t\t\t\t\ttext-align: center;\n\t\t\t\t\twidth: 19.99%;\n\t\t\t\t}\n\t\t\t\t#gallery-1 img {\n\t\t\t\t\tborder: 2px solid #cfcfcf;\n\t\t\t\t}\n\t\t\t\t#gallery-1 .gallery-caption {\n\t\t\t\t\tmargin-left: 0;\n\t\t\t\t}\n\t\t\t\t\/* see gallery_shortcode() in wp-includes\/media.php *\/\n\t\t\t<\/style>\n\t\t<div id='gallery-1' class='gallery galleryid-2326 gallery-columns-5 gallery-size-medium file'><dl class='gallery-item'>\n\t\t\t\t<dt class='gallery-icon landscape'>\n\t\t\t\t\t<a href=\"https:\/\/protec-windows-always-again.com\/wp-content\/uploads\/2016\/07\/Building-a-glass-roof-31.jpg\"><img loading=\"lazy\" decoding=\"async\" width=\"300\" height=\"225\" src=\"https:\/\/protec-windows-always-again.com\/wp-content\/uploads\/2016\/07\/Building-a-glass-roof-31-300x225.jpg\" class=\"attachment-medium size-medium\" alt=\"\" srcset=\"https:\/\/protec-windows-always-again.com\/wp-content\/uploads\/2016\/07\/Building-a-glass-roof-31-300x225.jpg 300w, https:\/\/protec-windows-always-again.com\/wp-content\/uploads\/2016\/07\/Building-a-glass-roof-31-195x146.jpg 195w, https:\/\/protec-windows-always-again.com\/wp-content\/uploads\/2016\/07\/Building-a-glass-roof-31-50x38.jpg 50w, https:\/\/protec-windows-always-again.com\/wp-content\/uploads\/2016\/07\/Building-a-glass-roof-31-100x75.jpg 100w, https:\/\/protec-windows-always-again.com\/wp-content\/uploads\/2016\/07\/Building-a-glass-roof-31.jpg 800w\" sizes=\"auto, (max-width: 300px) 100vw, 300px\" \/><\/a>\n\t\t\t\t<\/dt><\/dl><dl class='gallery-item'>\n\t\t\t\t<dt class='gallery-icon landscape'>\n\t\t\t\t\t<a href=\"https:\/\/protec-windows-always-again.com\/wp-content\/uploads\/2016\/07\/Ellerbeck-01.jpg\"><img loading=\"lazy\" decoding=\"async\" width=\"300\" height=\"225\" src=\"https:\/\/protec-windows-always-again.com\/wp-content\/uploads\/2016\/07\/Ellerbeck-01-300x225.jpg\" class=\"attachment-medium size-medium\" alt=\"\" srcset=\"https:\/\/protec-windows-always-again.com\/wp-content\/uploads\/2016\/07\/Ellerbeck-01-300x225.jpg 300w, https:\/\/protec-windows-always-again.com\/wp-content\/uploads\/2016\/07\/Ellerbeck-01-195x146.jpg 195w, https:\/\/protec-windows-always-again.com\/wp-content\/uploads\/2016\/07\/Ellerbeck-01-50x38.jpg 50w, https:\/\/protec-windows-always-again.com\/wp-content\/uploads\/2016\/07\/Ellerbeck-01-100x75.jpg 100w, https:\/\/protec-windows-always-again.com\/wp-content\/uploads\/2016\/07\/Ellerbeck-01.jpg 800w\" sizes=\"auto, (max-width: 300px) 100vw, 300px\" \/><\/a>\n\t\t\t\t<\/dt><\/dl><dl class='gallery-item'>\n\t\t\t\t<dt class='gallery-icon landscape'>\n\t\t\t\t\t<a href=\"https:\/\/protec-windows-always-again.com\/wp-content\/uploads\/2016\/07\/Verglasung-Barbereich-13.06.2013.jpg\"><img loading=\"lazy\" decoding=\"async\" width=\"300\" height=\"225\" src=\"https:\/\/protec-windows-always-again.com\/wp-content\/uploads\/2016\/07\/Verglasung-Barbereich-13.06.2013-300x225.jpg\" class=\"attachment-medium size-medium\" alt=\"\" srcset=\"https:\/\/protec-windows-always-again.com\/wp-content\/uploads\/2016\/07\/Verglasung-Barbereich-13.06.2013-300x225.jpg 300w, https:\/\/protec-windows-always-again.com\/wp-content\/uploads\/2016\/07\/Verglasung-Barbereich-13.06.2013-195x146.jpg 195w, https:\/\/protec-windows-always-again.com\/wp-content\/uploads\/2016\/07\/Verglasung-Barbereich-13.06.2013-50x38.jpg 50w, https:\/\/protec-windows-always-again.com\/wp-content\/uploads\/2016\/07\/Verglasung-Barbereich-13.06.2013-100x75.jpg 100w, https:\/\/protec-windows-always-again.com\/wp-content\/uploads\/2016\/07\/Verglasung-Barbereich-13.06.2013.jpg 800w\" sizes=\"auto, (max-width: 300px) 100vw, 300px\" \/><\/a>\n\t\t\t\t<\/dt><\/dl><dl class='gallery-item'>\n\t\t\t\t<dt class='gallery-icon landscape'>\n\t\t\t\t\t<a href=\"https:\/\/protec-windows-always-again.com\/wp-content\/uploads\/2016\/07\/Albers-Calahonda-Glascurtains-013.jpg\"><img loading=\"lazy\" decoding=\"async\" width=\"300\" height=\"225\" src=\"https:\/\/protec-windows-always-again.com\/wp-content\/uploads\/2016\/07\/Albers-Calahonda-Glascurtains-013-300x225.jpg\" class=\"attachment-medium size-medium\" alt=\"\" srcset=\"https:\/\/protec-windows-always-again.com\/wp-content\/uploads\/2016\/07\/Albers-Calahonda-Glascurtains-013-300x225.jpg 300w, https:\/\/protec-windows-always-again.com\/wp-content\/uploads\/2016\/07\/Albers-Calahonda-Glascurtains-013-195x146.jpg 195w, https:\/\/protec-windows-always-again.com\/wp-content\/uploads\/2016\/07\/Albers-Calahonda-Glascurtains-013-50x38.jpg 50w, https:\/\/protec-windows-always-again.com\/wp-content\/uploads\/2016\/07\/Albers-Calahonda-Glascurtains-013-100x75.jpg 100w, https:\/\/protec-windows-always-again.com\/wp-content\/uploads\/2016\/07\/Albers-Calahonda-Glascurtains-013.jpg 800w\" sizes=\"auto, (max-width: 300px) 100vw, 300px\" \/><\/a>\n\t\t\t\t<\/dt><\/dl><dl class='gallery-item'>\n\t\t\t\t<dt class='gallery-icon landscape'>\n\t\t\t\t\t<a href=\"https:\/\/protec-windows-always-again.com\/wp-content\/uploads\/2016\/06\/protec-windows-1.gif\"><img loading=\"lazy\" decoding=\"async\" width=\"300\" height=\"225\" src=\"https:\/\/protec-windows-always-again.com\/wp-content\/uploads\/2016\/06\/protec-windows-1-300x225.gif\" class=\"attachment-medium size-medium\" alt=\"\" srcset=\"https:\/\/protec-windows-always-again.com\/wp-content\/uploads\/2016\/06\/protec-windows-1-300x225.gif 300w, https:\/\/protec-windows-always-again.com\/wp-content\/uploads\/2016\/06\/protec-windows-1-150x113.gif 150w, https:\/\/protec-windows-always-again.com\/wp-content\/uploads\/2016\/06\/protec-windows-1-195x146.gif 195w, https:\/\/protec-windows-always-again.com\/wp-content\/uploads\/2016\/06\/protec-windows-1-50x38.gif 50w, https:\/\/protec-windows-always-again.com\/wp-content\/uploads\/2016\/06\/protec-windows-1-100x75.gif 100w\" sizes=\"auto, (max-width: 300px) 100vw, 300px\" \/><\/a>\n\t\t\t\t<\/dt><\/dl><br style=\"clear: both\" \/><dl class='gallery-item'>\n\t\t\t\t<dt class='gallery-icon landscape'>\n\t\t\t\t\t<a href=\"https:\/\/protec-windows-always-again.com\/wp-content\/uploads\/2016\/07\/DSCI0101.jpg\"><img loading=\"lazy\" decoding=\"async\" width=\"300\" height=\"225\" src=\"https:\/\/protec-windows-always-again.com\/wp-content\/uploads\/2016\/07\/DSCI0101-300x225.jpg\" class=\"attachment-medium size-medium\" alt=\"\" srcset=\"https:\/\/protec-windows-always-again.com\/wp-content\/uploads\/2016\/07\/DSCI0101-300x225.jpg 300w, https:\/\/protec-windows-always-again.com\/wp-content\/uploads\/2016\/07\/DSCI0101-195x146.jpg 195w, https:\/\/protec-windows-always-again.com\/wp-content\/uploads\/2016\/07\/DSCI0101-50x38.jpg 50w, https:\/\/protec-windows-always-again.com\/wp-content\/uploads\/2016\/07\/DSCI0101-100x75.jpg 100w, https:\/\/protec-windows-always-again.com\/wp-content\/uploads\/2016\/07\/DSCI0101.jpg 800w\" sizes=\"auto, (max-width: 300px) 100vw, 300px\" \/><\/a>\n\t\t\t\t<\/dt><\/dl><dl class='gallery-item'>\n\t\t\t\t<dt class='gallery-icon landscape'>\n\t\t\t\t\t<a href=\"https:\/\/protec-windows-always-again.com\/wp-content\/uploads\/2016\/07\/Albers-Calahonda-Glascurtains-021.jpg\"><img loading=\"lazy\" decoding=\"async\" width=\"300\" height=\"225\" src=\"https:\/\/protec-windows-always-again.com\/wp-content\/uploads\/2016\/07\/Albers-Calahonda-Glascurtains-021-300x225.jpg\" class=\"attachment-medium size-medium\" alt=\"\" srcset=\"https:\/\/protec-windows-always-again.com\/wp-content\/uploads\/2016\/07\/Albers-Calahonda-Glascurtains-021-300x225.jpg 300w, https:\/\/protec-windows-always-again.com\/wp-content\/uploads\/2016\/07\/Albers-Calahonda-Glascurtains-021-195x146.jpg 195w, https:\/\/protec-windows-always-again.com\/wp-content\/uploads\/2016\/07\/Albers-Calahonda-Glascurtains-021-50x38.jpg 50w, https:\/\/protec-windows-always-again.com\/wp-content\/uploads\/2016\/07\/Albers-Calahonda-Glascurtains-021-100x75.jpg 100w, https:\/\/protec-windows-always-again.com\/wp-content\/uploads\/2016\/07\/Albers-Calahonda-Glascurtains-021.jpg 800w\" sizes=\"auto, (max-width: 300px) 100vw, 300px\" \/><\/a>\n\t\t\t\t<\/dt><\/dl><dl class='gallery-item'>\n\t\t\t\t<dt class='gallery-icon landscape'>\n\t\t\t\t\t<a href=\"https:\/\/protec-windows-always-again.com\/wp-content\/uploads\/2016\/06\/protec-windows-16.gif\"><img loading=\"lazy\" decoding=\"async\" width=\"300\" height=\"225\" src=\"https:\/\/protec-windows-always-again.com\/wp-content\/uploads\/2016\/06\/protec-windows-16-300x225.gif\" class=\"attachment-medium size-medium\" alt=\"\" srcset=\"https:\/\/protec-windows-always-again.com\/wp-content\/uploads\/2016\/06\/protec-windows-16-300x225.gif 300w, https:\/\/protec-windows-always-again.com\/wp-content\/uploads\/2016\/06\/protec-windows-16-150x113.gif 150w, https:\/\/protec-windows-always-again.com\/wp-content\/uploads\/2016\/06\/protec-windows-16-195x146.gif 195w, https:\/\/protec-windows-always-again.com\/wp-content\/uploads\/2016\/06\/protec-windows-16-50x38.gif 50w, https:\/\/protec-windows-always-again.com\/wp-content\/uploads\/2016\/06\/protec-windows-16-100x75.gif 100w\" sizes=\"auto, (max-width: 300px) 100vw, 300px\" \/><\/a>\n\t\t\t\t<\/dt><\/dl><dl class='gallery-item'>\n\t\t\t\t<dt class='gallery-icon landscape'>\n\t\t\t\t\t<a href=\"https:\/\/protec-windows-always-again.com\/wp-content\/uploads\/2016\/07\/Albers-Glasc.-grosse-Terasse-17.05.2013-1.jpg\"><img loading=\"lazy\" decoding=\"async\" width=\"300\" height=\"225\" src=\"https:\/\/protec-windows-always-again.com\/wp-content\/uploads\/2016\/07\/Albers-Glasc.-grosse-Terasse-17.05.2013-1-300x225.jpg\" class=\"attachment-medium size-medium\" alt=\"\" srcset=\"https:\/\/protec-windows-always-again.com\/wp-content\/uploads\/2016\/07\/Albers-Glasc.-grosse-Terasse-17.05.2013-1-300x225.jpg 300w, https:\/\/protec-windows-always-again.com\/wp-content\/uploads\/2016\/07\/Albers-Glasc.-grosse-Terasse-17.05.2013-1-195x146.jpg 195w, https:\/\/protec-windows-always-again.com\/wp-content\/uploads\/2016\/07\/Albers-Glasc.-grosse-Terasse-17.05.2013-1-50x38.jpg 50w, https:\/\/protec-windows-always-again.com\/wp-content\/uploads\/2016\/07\/Albers-Glasc.-grosse-Terasse-17.05.2013-1-100x75.jpg 100w, https:\/\/protec-windows-always-again.com\/wp-content\/uploads\/2016\/07\/Albers-Glasc.-grosse-Terasse-17.05.2013-1.jpg 800w\" sizes=\"auto, (max-width: 300px) 100vw, 300px\" \/><\/a>\n\t\t\t\t<\/dt><\/dl><dl class='gallery-item'>\n\t\t\t\t<dt class='gallery-icon landscape'>\n\t\t\t\t\t<a href=\"https:\/\/protec-windows-always-again.com\/wp-content\/uploads\/2016\/07\/Glass-Curtains-2.jpg\"><img loading=\"lazy\" decoding=\"async\" width=\"300\" height=\"225\" src=\"https:\/\/protec-windows-always-again.com\/wp-content\/uploads\/2016\/07\/Glass-Curtains-2-300x225.jpg\" class=\"attachment-medium size-medium\" alt=\"\" srcset=\"https:\/\/protec-windows-always-again.com\/wp-content\/uploads\/2016\/07\/Glass-Curtains-2-300x225.jpg 300w, https:\/\/protec-windows-always-again.com\/wp-content\/uploads\/2016\/07\/Glass-Curtains-2-195x146.jpg 195w, https:\/\/protec-windows-always-again.com\/wp-content\/uploads\/2016\/07\/Glass-Curtains-2-50x38.jpg 50w, https:\/\/protec-windows-always-again.com\/wp-content\/uploads\/2016\/07\/Glass-Curtains-2-100x75.jpg 100w, https:\/\/protec-windows-always-again.com\/wp-content\/uploads\/2016\/07\/Glass-Curtains-2.jpg 800w\" sizes=\"auto, (max-width: 300px) 100vw, 300px\" \/><\/a>\n\t\t\t\t<\/dt><\/dl><br style=\"clear: both\" \/>\n\t\t\t<\/div>\n\n<p>no-repeat;center top;;<\/p>\n<p>auto<\/p>\n<p>20px<\/p>\n<p>Finden Sie weitere Projekte auf unserer Hauptseite<\/p>\n<p><a href=\"http:\/\/grupo-protec.com\/de\/unsere-arbeiten\/\" target=\"_blank\" rel=\"noopener\">http:\/\/grupo-protec.com\/de\/unsere-arbeiten\/<\/a><\/p>\n<p>center<\/p>\n<p>icon-search-line<\/p>\n<p>left<\/p>\n<p>theme<\/p>\n<p>Protec Bauunternehmen<\/p>\n<ul>\n<li>Planung (eigener Architekt))<\/li>\n<li>Alle Lizenzen und Papiere<\/li>\n<li>Kompletter Service bis zur Schl\u00fcssel\u00fcbergabe<\/li>\n<li>Alles aus einer Hand<\/li>\n<\/ul>\n<p>icon<\/p>\n<p>icon-home<\/p>\n<p>We build houses, villas and other homes<\/p>\n<p>fadeIn<\/p>\n<p>Erfahren Sie mehr \u00fcber unser Portfolio auf der Hauptseite<\/p>\n<p><a href=\"http:\/\/grupo-protec.com\/de\/was-wir-anbieten\/\" target=\"_blank\" rel=\"noopener\">http:\/\/grupo-protec.com\/de\/was-wir-anbieten\/<\/a><\/p>\n<p>center<\/p>\n<p>icon-search-line<\/p>\n<p>left<\/p>\n<p>theme<\/p>\n<p>Heading<\/p>\n<h2>KONTAKTIEREN SIE UNS<br \/>\n+34 952 587 573<\/h2>\n<p>center<\/p>\n<p>no-repeat;center top;;<\/p>\n<p>auto<\/p>\n<p>10px<\/p>\n<p>Alle Kontaktdaten und unsere Standorte finden Sie hier<\/p>\n<p><a href=\"http:\/\/grupo-protec.com\/de\/kontakt\" target=\"_blank\" rel=\"noopener\">http:\/\/grupo-protec.com\/de\/kontakt<\/a><\/p>\n<p>center<\/p>\n<p>icon-globe<\/p>\n<p>left<\/p>\n<p>theme<\/p>\n<p>Contact form<\/p>\n<h2 style=\"color: #fff;\">EINE NACHRICHT VERFASSEN<\/h2>\n<p><hr class=\"no_line\" style=\"margin: 0 auto 40px;\"\/>\n<br \/>\n<div class=\"wpcf7 no-js\" id=\"wpcf7-f2346-o1\" lang=\"en-US\" dir=\"ltr\">\n<div class=\"screen-reader-response\"><p role=\"status\" aria-live=\"polite\" aria-atomic=\"true\"><\/p> <ul><\/ul><\/div>\n<form action=\"\/de\/wp-json\/wp\/v2\/pages\/2326#wpcf7-f2346-o1\" method=\"post\" class=\"wpcf7-form init\" aria-label=\"Contact form\" novalidate=\"novalidate\" data-status=\"init\">\n<div style=\"display: none;\">\n<input type=\"hidden\" name=\"_wpcf7\" value=\"2346\" \/>\n<input type=\"hidden\" name=\"_wpcf7_version\" value=\"5.7.2\" \/>\n<input type=\"hidden\" name=\"_wpcf7_locale\" value=\"en_US\" \/>\n<input type=\"hidden\" name=\"_wpcf7_unit_tag\" value=\"wpcf7-f2346-o1\" \/>\n<input type=\"hidden\" name=\"_wpcf7_container_post\" value=\"0\" \/>\n<input type=\"hidden\" name=\"_wpcf7_posted_data_hash\" value=\"\" \/>\n<input type=\"hidden\" name=\"_wpcf7_recaptcha_response\" value=\"\" \/>\n<\/div>\n<div class=\"column one-second\">\n\t<p><span class=\"wpcf7-form-control-wrap\" data-name=\"your-name\"><input size=\"40\" class=\"wpcf7-form-control wpcf7-text wpcf7-validates-as-required\" aria-required=\"true\" aria-invalid=\"false\" placeholder=\"Name\" value=\"\" type=\"text\" name=\"your-name\" \/><\/span>\n\t<\/p>\n<\/div>\n<div class=\"column one-second\">\n\t<p><span class=\"wpcf7-form-control-wrap\" data-name=\"your-email\"><input size=\"40\" class=\"wpcf7-form-control wpcf7-text wpcf7-email wpcf7-validates-as-required wpcf7-validates-as-email\" aria-required=\"true\" aria-invalid=\"false\" placeholder=\"Email\" value=\"\" type=\"email\" name=\"your-email\" \/><\/span>\n\t<\/p>\n<\/div>\n<div class=\"column one\">\n\t<p><span class=\"wpcf7-form-control-wrap\" data-name=\"your-subject\"><input size=\"40\" class=\"wpcf7-form-control wpcf7-text wpcf7-validates-as-required\" aria-required=\"true\" aria-invalid=\"false\" placeholder=\"Betreff\" value=\"\" type=\"text\" name=\"your-subject\" \/><\/span>\n\t<\/p>\n<\/div>\n<div class=\"column one\">\n\t<p><span class=\"wpcf7-form-control-wrap\" data-name=\"your-message\"><textarea cols=\"40\" rows=\"3\" class=\"wpcf7-form-control wpcf7-textarea\" aria-invalid=\"false\" placeholder=\"Nachricht\" name=\"your-message\"><\/textarea><\/span>\n\t<\/p>\n<\/div>\n<div class=\"column one\">\n\n<\/div>\n<p><span class=\"wpcf7-form-control-wrap\" data-name=\"acceptance-641\"><span class=\"wpcf7-form-control wpcf7-acceptance\"><span class=\"wpcf7-list-item\"><label><input type=\"checkbox\" name=\"acceptance-641\" value=\"1\" aria-invalid=\"false\" \/><span class=\"wpcf7-list-item-label\">Ich habe die <a href=\"\/de\/datenschutz\/\">Datenschutzerkl\u00e4rung<\/a> gelesen und akzeptiere sie.<\/span><\/label><\/span><\/span><\/span><br \/>\n<label><br \/>\n<\/label>\n<\/p>\n<ol>\n\t<li>\n\t\t<p>Verantwortlich f\u00fcr die Daten: C-TEC PRO-TEC GROUP SPAIN, S.L.\n\t\t<\/p>\n\t<\/li>\n\t<li>\n\t\t<p>Zweck der Daten: Dem Benutzer auf Kommentare und Fragen antworten, die \u00fcber dieses Formular gesendet wurden.\n\t\t<\/p>\n\t<\/li>\n\t<li>\n\t\t<p>Datenspeicher: Mail-Manager, von welchem wir dem Benutzer antworten.\n\t\t<\/p>\n\t<\/li>\n\t<li>\n\t\t<p>Rechte: Sie k\u00f6nnen Ihre Daten jederzeit <a href=\"\/de\/datenschutz\/\">einschr\u00e4nken, wiederherstellen oder l\u00f6schen<\/a>.\n\t\t<\/p>\n\t<\/li>\n<\/ol>\n<div class=\"column one\">\n\t<p><input class=\"wpcf7-form-control has-spinner wpcf7-submit\" type=\"submit\" value=\"SENDEN\" \/>\n\t<\/p>\n<\/div><p style=\"display: none !important;\" class=\"akismet-fields-container\" data-prefix=\"_wpcf7_ak_\"><label>&#916;<textarea name=\"_wpcf7_ak_hp_textarea\" cols=\"45\" rows=\"8\" maxlength=\"100\"><\/textarea><\/label><input type=\"hidden\" id=\"ak_js_1\" name=\"_wpcf7_ak_js\" value=\"76\"\/><script>document.getElementById( \"ak_js_1\" ).setAttribute( \"value\", ( new Date() ).getTime() );<\/script><\/p><div class=\"wpcf7-response-output\" aria-hidden=\"true\"><\/div><\/form><\/div><\/p>\n<p>center<\/p>\n<p>no-repeat;center top;;<\/p>\n<p>auto<\/p>\n","protected":false},"excerpt":{"rendered":"<p>Heading PROTEC FENSTER IMMER WIEDER Protec Fenster arbeitet seit 1996 in der Fabrikation, dem Vertrieb sowie der Montage von Fenstern und T\u00fcren des allerh\u00f6chsten Qualit\u00e4tsstandards Sehen<span class=\"excerpt-hellip\"> [\u2026]<\/span><\/p>\n","protected":false},"author":1,"featured_media":28809,"parent":0,"menu_order":0,"comment_status":"open","ping_status":"open","template":"","meta":{"footnotes":""},"class_list":["post-2326","page","type-page","status-publish","has-post-thumbnail","hentry"],"_links":{"self":[{"href":"https:\/\/protec-windows-always-again.com\/de\/wp-json\/wp\/v2\/pages\/2326","targetHints":{"allow":["GET"]}}],"collection":[{"href":"https:\/\/protec-windows-always-again.com\/de\/wp-json\/wp\/v2\/pages"}],"about":[{"href":"https:\/\/protec-windows-always-again.com\/de\/wp-json\/wp\/v2\/types\/page"}],"author":[{"embeddable":true,"href":"https:\/\/protec-windows-always-again.com\/de\/wp-json\/wp\/v2\/users\/1"}],"replies":[{"embeddable":true,"href":"https:\/\/protec-windows-always-again.com\/de\/wp-json\/wp\/v2\/comments?post=2326"}],"version-history":[{"count":5,"href":"https:\/\/protec-windows-always-again.com\/de\/wp-json\/wp\/v2\/pages\/2326\/revisions"}],"predecessor-version":[{"id":31496,"href":"https:\/\/protec-windows-always-again.com\/de\/wp-json\/wp\/v2\/pages\/2326\/revisions\/31496"}],"wp:featuredmedia":[{"embeddable":true,"href":"https:\/\/protec-windows-always-again.com\/de\/wp-json\/wp\/v2\/media\/28809"}],"wp:attachment":[{"href":"https:\/\/protec-windows-always-again.com\/de\/wp-json\/wp\/v2\/media?parent=2326"}],"curies":[{"name":"wp","href":"https:\/\/api.w.org\/{rel}","templated":true}]}}