{"id":2329,"date":"2016-07-11T21:35:10","date_gmt":"2016-07-11T19:35:10","guid":{"rendered":"https:\/\/protec-windows-always-again.com\/de\/?page_id=2329"},"modified":"2017-02-15T19:19:02","modified_gmt":"2017-02-15T17:19:02","slug":"rechtliche-hinweise","status":"publish","type":"page","link":"https:\/\/protec-windows-always-again.com\/de\/rechtliche-hinweise\/","title":{"rendered":"Rechtliche Hinweise"},"content":{"rendered":"<div class=\"sections_group\">\n<div class=\"entry-content\">\n<div class=\"section the_content has_content\">\n<div class=\"section_wrapper\">\n<div class=\"the_content_wrapper\">\n<p>Der Inhalt unserer Webseiten ist zur Abrufung spezifischer Informationen von privatem oder \u00f6ffentlichem Interesse bestimmt.<\/p>\n<p>Aufgrund der sich st\u00e4ndig \u00e4ndernden Gesetze, Vorschriften und Verordnungen und die inh\u00e4renten Beschr\u00e4nkungen der elektronischen Kommunikation k\u00f6nnen diese Seiten Verz\u00f6gerungen, M\u00e4ngel oder Ungenauigkeiten im Zusammenhang mit den Angaben enthalten. Eine Garantie f\u00fcr die Vollst\u00e4ndigkeit, Richtigkeit und Aktualit\u00e4t kann daher nicht \u00fcbernommen werden!<\/p>\n<p>Unter keinen Umst\u00e4nden kann die Protec Gruppe, noch eine ihr geh\u00f6renden oder mit ihr verbundenen Unternehmen, Partner, Vertreter oder Mitarbeiter f\u00fcr etwaige Entscheidungen und Massnahmen verantwortlich gemacht werden, die im Vertrauen oder in der \u00dcbernahme von Informationen auf dieser Webseite getroffen werden. Insbesondere, da hiermit nun eine ausdr\u00fcckliche Warnung dazu ausgesprochen wird!<\/p>\n<p>Gleiches gilt auch f\u00fcr alle anderen Webseiten, auf die mittels eines Hyperlinks verwiesen wird. Wir erkl\u00e4ren hiermit, dass wir uns ausdr\u00fccklich von s\u00e4mtlichen Inhalten aller Links distanzieren und uns diese Inhalte nicht zu Eigen machen oder deren Aussagen jeweils im Einzelnen oder im Gesamten auf Wahrheitsgehalt gepr\u00fcft haben. Der Verweis mittels eines Hyperlinks stellt auch keine Empfehlung dieser Webseiten oder der sie betreibenden Unternehmen oder ihrer Produkte durch uns dar.<\/p>\n<p><b>Protec Gruppe<\/b><br \/>\nE-mail: <a href=\"mailto:info@grupo-protec.com\">info@grupo-protec.com<\/a><\/p>\n<\/div>\n<\/div>\n<\/div>\n<\/div>\n<\/div>\n","protected":false},"excerpt":{"rendered":"<p>Der Inhalt unserer Webseiten ist zur Abrufung spezifischer Informationen von privatem oder \u00f6ffentlichem Interesse bestimmt. Aufgrund der sich st\u00e4ndig \u00e4ndernden Gesetze, Vorschriften und Verordnungen und die<span class=\"excerpt-hellip\"> [\u2026]<\/span><\/p>\n","protected":false},"author":1,"featured_media":0,"parent":0,"menu_order":0,"comment_status":"closed","ping_status":"closed","template":"","meta":{"footnotes":""},"class_list":["post-2329","page","type-page","status-publish","hentry"],"_links":{"self":[{"href":"https:\/\/protec-windows-always-again.com\/de\/wp-json\/wp\/v2\/pages\/2329","targetHints":{"allow":["GET"]}}],"collection":[{"href":"https:\/\/protec-windows-always-again.com\/de\/wp-json\/wp\/v2\/pages"}],"about":[{"href":"https:\/\/protec-windows-always-again.com\/de\/wp-json\/wp\/v2\/types\/page"}],"author":[{"embeddable":true,"href":"https:\/\/protec-windows-always-again.com\/de\/wp-json\/wp\/v2\/users\/1"}],"replies":[{"embeddable":true,"href":"https:\/\/protec-windows-always-again.com\/de\/wp-json\/wp\/v2\/comments?post=2329"}],"version-history":[{"count":1,"href":"https:\/\/protec-windows-always-again.com\/de\/wp-json\/wp\/v2\/pages\/2329\/revisions"}],"predecessor-version":[{"id":2332,"href":"https:\/\/protec-windows-always-again.com\/de\/wp-json\/wp\/v2\/pages\/2329\/revisions\/2332"}],"wp:attachment":[{"href":"https:\/\/protec-windows-always-again.com\/de\/wp-json\/wp\/v2\/media?parent=2329"}],"curies":[{"name":"wp","href":"https:\/\/api.w.org\/{rel}","templated":true}]}}