{"id":2293,"date":"2016-07-06T18:57:42","date_gmt":"2016-07-06T16:57:42","guid":{"rendered":"https:\/\/protec-windows-always-again.com\/es\/?page_id=2293"},"modified":"2021-01-28T20:24:35","modified_gmt":"2021-01-28T19:24:35","slug":"inicio","status":"publish","type":"page","link":"https:\/\/protec-windows-always-again.com\/es\/","title":{"rendered":"Inicio"},"content":{"rendered":"<p>Heading<\/p>\n<h1>PROTEC VENTANAS &#8211; AHORA Y SIEMPRE<\/h1>\n<h2>Protec Ventanas es un fabricante de ventanas y puertas de la mejor calidad en Marbella y en la Costa del Sol<\/h2>\n<h5><a href=\"#testimonials\">Mire nuestro testimonios<\/a><\/h5>\n<p>center<\/p>\n<p>no-repeat;center top;;<\/p>\n<p>auto<\/p>\n<p>20px<\/p>\n<p>fadeIn<\/p>\n<p>40<\/p>\n<p>default<\/p>\n<p>default<\/p>\n<p>Desc<\/p>\n<p class=\"big\"><span class=\"dropcap size-2\" >E<\/span>\nl<a href=\"http:\/\/www.grupo-protec.com\" target=\"_blank\" rel=\"noopener\">Grupo Protec<\/a> comenz\u00f3 fabricando e instalando ventanas de la mejor calidad en la Costa del Sol, especialmenten en Marbella, en el a\u00f1o 1996. Desde entonces, miles de clientes han confiado en los servicios de nuestra empresa, y cada a\u00f1o el n\u00famero aumenta. No existe ning\u00fan secreto: utilizamos los mejores materiales del mercado y contamos con los profesionales m\u00e1s experimentados. Adem\u00e1s, llevamos a cabo nuestro trabajo con pasi\u00f3n.<\/p>\n<p>Estamos situados en el coraz\u00f3n de la Costa del Sol, en Mijas, y trabajamos sobre todo en la zona de Marbella en la provincia de M\u00e1laga.<\/p>\n<p>left<\/p>\n<p>no-repeat;center top;;<\/p>\n<p>auto<\/p>\n<p>0px<\/p>\n<p>Si desea conocernos un poco mejor, pulse este enlace<\/p>\n<p><a href=\"https:\/\/grupo-protec.com\/sobre-nosotros\/\" target=\"_blank\" rel=\"noopener\">https:\/\/grupo-protec.com\/sobre-nosotros\/<\/a><\/p>\n<p>icon-users<\/p>\n<p>left<\/p>\n<p>theme<\/p>\n<p>https:\/\/protec-windows-always-again.com\/wp-content\/uploads\/2015\/10\/before1.gif<\/p>\n<p>https:\/\/protec-windows-always-again.com\/wp-content\/uploads\/2015\/10\/after1.gif<\/p>\n<p>Heading<\/p>\n<h2>NUESTRAS CIFRAS<\/h2>\n<p>center<\/p>\n<p>no-repeat;center top;;<\/p>\n<p>auto<\/p>\n<p>Los comienzos<\/p>\n<p style=\"margin: 0 10%;\">Empezamos en 1996 con la producci\u00f3n de ventanas y puertas<\/p>\n<p>1996<\/p>\n<p>MILES<\/p>\n<p>de proyectos<\/p>\n<p style=\"margin: 0 10%;\">Somos un equipo experimentado con miles de proyectos a nuestras espaldas<\/p>\n<p>a\u00f1os de experiencia<\/p>\n<p style=\"margin: 0 10%;\">Ofreciendo ventanas de calidad a nuestros clientes<\/p>\n<p>22<\/p>\n<p>Heading<\/p>\n<h2>TESTIMONIOS<\/h2>\n<p>center<\/p>\n<p>no-repeat;center top;;<\/p>\n<p>auto<\/p>\n<p>20px<\/p>\n<p>40<\/p>\n<p>default<\/p>\n<p>default<\/p>\n<p>Desc<\/p>\n<h5>Compruebe algunos ejemplos entre nuestros cientos de clientes:<\/h5>\n<p>center<\/p>\n<p>no-repeat;center top;;<\/p>\n<p>auto<\/p>\n<li><h6>Tasa de clientes satisfechos<span class=\"label\">97<em>%<\/em><\/span><\/h6><div class=\"bar\" ><span class=\"progress\" style=\"width:97%\"><\/span><\/div><\/li>\n\n<p>Todos los miembros del personal fueron muy profesionales en cada uno de sus menesteres. \u00a1Bien hecho! Hemos estado encantados con todas las fases, desde el encargo hasta el final. \u00a1Gracias!<\/p>\n<p>Jean Cross<\/p>\n<p>\u00a1Desde la direcci\u00f3n hasta el \u00faltimo empleado, muy bien!<\/p>\n<p>Johann Finger<\/p>\n<p>Buena calidad, adem\u00e1s de un servicio profesional &#8211; desde la oferta hasta el montaje &#8211; no pudo ser mejor.<\/p>\n<p>Ursula Poelzer<\/p>\n<p>Todo verdaderamente satisfactorio y una atenci\u00f3n muy educada.<\/p>\n<p>Wendy Greenshields<\/p>\n<p>Muy profesional. Disfrut\u00e9 ir conociendo las actualizaciones de c\u00f3mo iban los trabajos.<\/p>\n<p>Soren Jonsson<\/p>\n<p>Honestamente puedo decir que el servicio y loa calidad del trabajo ha sido excelente, y pienso contar con vosotros para futuros planes. La comunicaci\u00f3n fue excelente, a pesar de encontrarme fuera, y entendieron la visi\u00f3n que ten\u00eda as\u00ed como la definici\u00f3n, aconsej\u00e1ndome de la mejor manera cuando nos encontr\u00e1bamos ante la toma dedecisiones.<\/p>\n<p>Marcos Gonzalez-Flower<\/p>\n<p>Muchas felicidades en este 20\u00ba aniversario. Hab\u00e9is hecho un gran trabajo levantando esta empresa, e indudablemente el trabajo que hab\u00e9is hecho para nosotros ha sido magn\u00edfico. Os deseamos lo mejor en el futuro.<\/p>\n<p>Malcolm and Carol<\/p>\n<p>Puede ver muchos m\u00e1s testimonios en nuestra web general<\/p>\n<p><a href=\"https:\/\/grupo-protec.com\/testimonios\/\" target=\"_blank\" rel=\"noopener\">https:\/\/grupo-protec.com\/testimonios\/<\/a><\/p>\n<p>center<\/p>\n<p>icon-search-line<\/p>\n<p>left<\/p>\n<p>theme<\/p>\n<p>Heading<\/p>\n<h2>ALGUNOS DE NUESTROS TRABAJOS<\/h2>\n<p>center<\/p>\n<p>no-repeat;center top;;<\/p>\n<p>auto<\/p>\n<p>20px<\/p>\n<p>gallery<\/p>\n\n\t\t\t<style type='text\/css'>\n\t\t\t\t#gallery-1 {\n\t\t\t\t\tmargin: auto;\n\t\t\t\t}\n\t\t\t\t#gallery-1 .gallery-item {\n\t\t\t\t\tfloat: left;\n\t\t\t\t\tmargin-top: 10px;\n\t\t\t\t\ttext-align: center;\n\t\t\t\t\twidth: 19.99%;\n\t\t\t\t}\n\t\t\t\t#gallery-1 img {\n\t\t\t\t\tborder: 2px solid #cfcfcf;\n\t\t\t\t}\n\t\t\t\t#gallery-1 .gallery-caption {\n\t\t\t\t\tmargin-left: 0;\n\t\t\t\t}\n\t\t\t\t\/* see gallery_shortcode() in wp-includes\/media.php *\/\n\t\t\t<\/style>\n\t\t<div id='gallery-1' class='gallery galleryid-2293 gallery-columns-5 gallery-size-medium file'><dl class='gallery-item'>\n\t\t\t\t<dt class='gallery-icon landscape'>\n\t\t\t\t\t<a href=\"https:\/\/protec-windows-always-again.com\/wp-content\/uploads\/2016\/07\/Albers-Calahonda-Glascurtains-021.jpg\"><img loading=\"lazy\" decoding=\"async\" width=\"300\" height=\"225\" src=\"https:\/\/protec-windows-always-again.com\/wp-content\/uploads\/2016\/07\/Albers-Calahonda-Glascurtains-021-300x225.jpg\" class=\"attachment-medium size-medium\" alt=\"\" srcset=\"https:\/\/protec-windows-always-again.com\/wp-content\/uploads\/2016\/07\/Albers-Calahonda-Glascurtains-021-300x225.jpg 300w, https:\/\/protec-windows-always-again.com\/wp-content\/uploads\/2016\/07\/Albers-Calahonda-Glascurtains-021-195x146.jpg 195w, https:\/\/protec-windows-always-again.com\/wp-content\/uploads\/2016\/07\/Albers-Calahonda-Glascurtains-021-50x38.jpg 50w, https:\/\/protec-windows-always-again.com\/wp-content\/uploads\/2016\/07\/Albers-Calahonda-Glascurtains-021-100x75.jpg 100w, https:\/\/protec-windows-always-again.com\/wp-content\/uploads\/2016\/07\/Albers-Calahonda-Glascurtains-021.jpg 800w\" sizes=\"auto, (max-width: 300px) 100vw, 300px\" \/><\/a>\n\t\t\t\t<\/dt><\/dl><dl class='gallery-item'>\n\t\t\t\t<dt class='gallery-icon landscape'>\n\t\t\t\t\t<a href=\"https:\/\/protec-windows-always-again.com\/wp-content\/uploads\/2016\/07\/Verglasung-Barbereich-13.06.2013.jpg\"><img loading=\"lazy\" decoding=\"async\" width=\"300\" height=\"225\" src=\"https:\/\/protec-windows-always-again.com\/wp-content\/uploads\/2016\/07\/Verglasung-Barbereich-13.06.2013-300x225.jpg\" class=\"attachment-medium size-medium\" alt=\"\" srcset=\"https:\/\/protec-windows-always-again.com\/wp-content\/uploads\/2016\/07\/Verglasung-Barbereich-13.06.2013-300x225.jpg 300w, https:\/\/protec-windows-always-again.com\/wp-content\/uploads\/2016\/07\/Verglasung-Barbereich-13.06.2013-195x146.jpg 195w, https:\/\/protec-windows-always-again.com\/wp-content\/uploads\/2016\/07\/Verglasung-Barbereich-13.06.2013-50x38.jpg 50w, https:\/\/protec-windows-always-again.com\/wp-content\/uploads\/2016\/07\/Verglasung-Barbereich-13.06.2013-100x75.jpg 100w, https:\/\/protec-windows-always-again.com\/wp-content\/uploads\/2016\/07\/Verglasung-Barbereich-13.06.2013.jpg 800w\" sizes=\"auto, (max-width: 300px) 100vw, 300px\" \/><\/a>\n\t\t\t\t<\/dt><\/dl><dl class='gallery-item'>\n\t\t\t\t<dt class='gallery-icon landscape'>\n\t\t\t\t\t<a href=\"https:\/\/protec-windows-always-again.com\/wp-content\/uploads\/2016\/06\/protec-windows-1.gif\"><img loading=\"lazy\" decoding=\"async\" width=\"300\" height=\"225\" src=\"https:\/\/protec-windows-always-again.com\/wp-content\/uploads\/2016\/06\/protec-windows-1-300x225.gif\" class=\"attachment-medium size-medium\" alt=\"\" srcset=\"https:\/\/protec-windows-always-again.com\/wp-content\/uploads\/2016\/06\/protec-windows-1-300x225.gif 300w, https:\/\/protec-windows-always-again.com\/wp-content\/uploads\/2016\/06\/protec-windows-1-150x113.gif 150w, https:\/\/protec-windows-always-again.com\/wp-content\/uploads\/2016\/06\/protec-windows-1-195x146.gif 195w, https:\/\/protec-windows-always-again.com\/wp-content\/uploads\/2016\/06\/protec-windows-1-50x38.gif 50w, https:\/\/protec-windows-always-again.com\/wp-content\/uploads\/2016\/06\/protec-windows-1-100x75.gif 100w\" sizes=\"auto, (max-width: 300px) 100vw, 300px\" \/><\/a>\n\t\t\t\t<\/dt><\/dl><dl class='gallery-item'>\n\t\t\t\t<dt class='gallery-icon landscape'>\n\t\t\t\t\t<a href=\"https:\/\/protec-windows-always-again.com\/wp-content\/uploads\/2016\/07\/Building-a-glass-roof-31.jpg\"><img loading=\"lazy\" decoding=\"async\" width=\"300\" height=\"225\" src=\"https:\/\/protec-windows-always-again.com\/wp-content\/uploads\/2016\/07\/Building-a-glass-roof-31-300x225.jpg\" class=\"attachment-medium size-medium\" alt=\"\" srcset=\"https:\/\/protec-windows-always-again.com\/wp-content\/uploads\/2016\/07\/Building-a-glass-roof-31-300x225.jpg 300w, https:\/\/protec-windows-always-again.com\/wp-content\/uploads\/2016\/07\/Building-a-glass-roof-31-195x146.jpg 195w, https:\/\/protec-windows-always-again.com\/wp-content\/uploads\/2016\/07\/Building-a-glass-roof-31-50x38.jpg 50w, https:\/\/protec-windows-always-again.com\/wp-content\/uploads\/2016\/07\/Building-a-glass-roof-31-100x75.jpg 100w, https:\/\/protec-windows-always-again.com\/wp-content\/uploads\/2016\/07\/Building-a-glass-roof-31.jpg 800w\" sizes=\"auto, (max-width: 300px) 100vw, 300px\" \/><\/a>\n\t\t\t\t<\/dt><\/dl><dl class='gallery-item'>\n\t\t\t\t<dt class='gallery-icon landscape'>\n\t\t\t\t\t<a href=\"https:\/\/protec-windows-always-again.com\/wp-content\/uploads\/2016\/07\/Ellerbeck-01.jpg\"><img loading=\"lazy\" decoding=\"async\" width=\"300\" height=\"225\" src=\"https:\/\/protec-windows-always-again.com\/wp-content\/uploads\/2016\/07\/Ellerbeck-01-300x225.jpg\" class=\"attachment-medium size-medium\" alt=\"\" srcset=\"https:\/\/protec-windows-always-again.com\/wp-content\/uploads\/2016\/07\/Ellerbeck-01-300x225.jpg 300w, https:\/\/protec-windows-always-again.com\/wp-content\/uploads\/2016\/07\/Ellerbeck-01-195x146.jpg 195w, https:\/\/protec-windows-always-again.com\/wp-content\/uploads\/2016\/07\/Ellerbeck-01-50x38.jpg 50w, https:\/\/protec-windows-always-again.com\/wp-content\/uploads\/2016\/07\/Ellerbeck-01-100x75.jpg 100w, https:\/\/protec-windows-always-again.com\/wp-content\/uploads\/2016\/07\/Ellerbeck-01.jpg 800w\" sizes=\"auto, (max-width: 300px) 100vw, 300px\" \/><\/a>\n\t\t\t\t<\/dt><\/dl><br style=\"clear: both\" \/><dl class='gallery-item'>\n\t\t\t\t<dt class='gallery-icon landscape'>\n\t\t\t\t\t<a href=\"https:\/\/protec-windows-always-again.com\/wp-content\/uploads\/2016\/07\/Albers-Glasc.-grosse-Terasse-17.05.2013-1.jpg\"><img loading=\"lazy\" decoding=\"async\" width=\"300\" height=\"225\" src=\"https:\/\/protec-windows-always-again.com\/wp-content\/uploads\/2016\/07\/Albers-Glasc.-grosse-Terasse-17.05.2013-1-300x225.jpg\" class=\"attachment-medium size-medium\" alt=\"\" srcset=\"https:\/\/protec-windows-always-again.com\/wp-content\/uploads\/2016\/07\/Albers-Glasc.-grosse-Terasse-17.05.2013-1-300x225.jpg 300w, https:\/\/protec-windows-always-again.com\/wp-content\/uploads\/2016\/07\/Albers-Glasc.-grosse-Terasse-17.05.2013-1-195x146.jpg 195w, https:\/\/protec-windows-always-again.com\/wp-content\/uploads\/2016\/07\/Albers-Glasc.-grosse-Terasse-17.05.2013-1-50x38.jpg 50w, https:\/\/protec-windows-always-again.com\/wp-content\/uploads\/2016\/07\/Albers-Glasc.-grosse-Terasse-17.05.2013-1-100x75.jpg 100w, https:\/\/protec-windows-always-again.com\/wp-content\/uploads\/2016\/07\/Albers-Glasc.-grosse-Terasse-17.05.2013-1.jpg 800w\" sizes=\"auto, (max-width: 300px) 100vw, 300px\" \/><\/a>\n\t\t\t\t<\/dt><\/dl><dl class='gallery-item'>\n\t\t\t\t<dt class='gallery-icon landscape'>\n\t\t\t\t\t<a href=\"https:\/\/protec-windows-always-again.com\/wp-content\/uploads\/2016\/07\/Glass-Curtains-2.jpg\"><img loading=\"lazy\" decoding=\"async\" width=\"300\" height=\"225\" src=\"https:\/\/protec-windows-always-again.com\/wp-content\/uploads\/2016\/07\/Glass-Curtains-2-300x225.jpg\" class=\"attachment-medium size-medium\" alt=\"\" srcset=\"https:\/\/protec-windows-always-again.com\/wp-content\/uploads\/2016\/07\/Glass-Curtains-2-300x225.jpg 300w, https:\/\/protec-windows-always-again.com\/wp-content\/uploads\/2016\/07\/Glass-Curtains-2-195x146.jpg 195w, https:\/\/protec-windows-always-again.com\/wp-content\/uploads\/2016\/07\/Glass-Curtains-2-50x38.jpg 50w, https:\/\/protec-windows-always-again.com\/wp-content\/uploads\/2016\/07\/Glass-Curtains-2-100x75.jpg 100w, https:\/\/protec-windows-always-again.com\/wp-content\/uploads\/2016\/07\/Glass-Curtains-2.jpg 800w\" sizes=\"auto, (max-width: 300px) 100vw, 300px\" \/><\/a>\n\t\t\t\t<\/dt><\/dl><dl class='gallery-item'>\n\t\t\t\t<dt class='gallery-icon landscape'>\n\t\t\t\t\t<a href=\"https:\/\/protec-windows-always-again.com\/wp-content\/uploads\/2016\/07\/DSCI0101.jpg\"><img loading=\"lazy\" decoding=\"async\" width=\"300\" height=\"225\" src=\"https:\/\/protec-windows-always-again.com\/wp-content\/uploads\/2016\/07\/DSCI0101-300x225.jpg\" class=\"attachment-medium size-medium\" alt=\"\" srcset=\"https:\/\/protec-windows-always-again.com\/wp-content\/uploads\/2016\/07\/DSCI0101-300x225.jpg 300w, https:\/\/protec-windows-always-again.com\/wp-content\/uploads\/2016\/07\/DSCI0101-195x146.jpg 195w, https:\/\/protec-windows-always-again.com\/wp-content\/uploads\/2016\/07\/DSCI0101-50x38.jpg 50w, https:\/\/protec-windows-always-again.com\/wp-content\/uploads\/2016\/07\/DSCI0101-100x75.jpg 100w, https:\/\/protec-windows-always-again.com\/wp-content\/uploads\/2016\/07\/DSCI0101.jpg 800w\" sizes=\"auto, (max-width: 300px) 100vw, 300px\" \/><\/a>\n\t\t\t\t<\/dt><\/dl><dl class='gallery-item'>\n\t\t\t\t<dt class='gallery-icon landscape'>\n\t\t\t\t\t<a href=\"https:\/\/protec-windows-always-again.com\/wp-content\/uploads\/2016\/06\/protec-windows-16.gif\"><img loading=\"lazy\" decoding=\"async\" width=\"300\" height=\"225\" src=\"https:\/\/protec-windows-always-again.com\/wp-content\/uploads\/2016\/06\/protec-windows-16-300x225.gif\" class=\"attachment-medium size-medium\" alt=\"\" srcset=\"https:\/\/protec-windows-always-again.com\/wp-content\/uploads\/2016\/06\/protec-windows-16-300x225.gif 300w, https:\/\/protec-windows-always-again.com\/wp-content\/uploads\/2016\/06\/protec-windows-16-150x113.gif 150w, https:\/\/protec-windows-always-again.com\/wp-content\/uploads\/2016\/06\/protec-windows-16-195x146.gif 195w, https:\/\/protec-windows-always-again.com\/wp-content\/uploads\/2016\/06\/protec-windows-16-50x38.gif 50w, https:\/\/protec-windows-always-again.com\/wp-content\/uploads\/2016\/06\/protec-windows-16-100x75.gif 100w\" sizes=\"auto, (max-width: 300px) 100vw, 300px\" \/><\/a>\n\t\t\t\t<\/dt><\/dl><dl class='gallery-item'>\n\t\t\t\t<dt class='gallery-icon landscape'>\n\t\t\t\t\t<a href=\"https:\/\/protec-windows-always-again.com\/wp-content\/uploads\/2016\/07\/Albers-Calahonda-Glascurtains-013.jpg\"><img loading=\"lazy\" decoding=\"async\" width=\"300\" height=\"225\" src=\"https:\/\/protec-windows-always-again.com\/wp-content\/uploads\/2016\/07\/Albers-Calahonda-Glascurtains-013-300x225.jpg\" class=\"attachment-medium size-medium\" alt=\"\" srcset=\"https:\/\/protec-windows-always-again.com\/wp-content\/uploads\/2016\/07\/Albers-Calahonda-Glascurtains-013-300x225.jpg 300w, https:\/\/protec-windows-always-again.com\/wp-content\/uploads\/2016\/07\/Albers-Calahonda-Glascurtains-013-195x146.jpg 195w, https:\/\/protec-windows-always-again.com\/wp-content\/uploads\/2016\/07\/Albers-Calahonda-Glascurtains-013-50x38.jpg 50w, https:\/\/protec-windows-always-again.com\/wp-content\/uploads\/2016\/07\/Albers-Calahonda-Glascurtains-013-100x75.jpg 100w, https:\/\/protec-windows-always-again.com\/wp-content\/uploads\/2016\/07\/Albers-Calahonda-Glascurtains-013.jpg 800w\" sizes=\"auto, (max-width: 300px) 100vw, 300px\" \/><\/a>\n\t\t\t\t<\/dt><\/dl><br style=\"clear: both\" \/>\n\t\t\t<\/div>\n\n<p>no-repeat;center top;;<\/p>\n<p>auto<\/p>\n<p>20px<\/p>\n<p>Encuentre aqu\u00ed m\u00e1s trabajos realizados por nosotros<\/p>\n<p><a href=\"https:\/\/grupo-protec.com\/nuestros-trabajos\/\" target=\"_blank\" rel=\"noopener\">https:\/\/grupo-protec.com\/nuestros-trabajos\/<\/a><\/p>\n<p>center<\/p>\n<p>icon-search-line<\/p>\n<p>left<\/p>\n<p>theme<\/p>\n<p>Grupo Protec<\/p>\n<ul>\n<li>Estudio (arquitecto apropiado)<\/li>\n<li>Todas las licencias y burocracia<\/li>\n<li>Servicio completo hasta la entrega de llaves<\/li>\n<li>Todo a trav\u00e9s de nosotros<\/li>\n<\/ul>\n<p>icon<\/p>\n<p>icon-home<\/p>\n<p>Construimos y reformamos casas, villas y otras viviendas<\/p>\n<p>fadeIn<\/p>\n<p>La oferta completa esta disponible en nuestra web general<\/p>\n<p><a href=\"https:\/\/grupo-protec.com\/\" target=\"_blank\" rel=\"noopener\">https:\/\/grupo-protec.com\/<\/a><\/p>\n<p>center<\/p>\n<p>icon-search-line<\/p>\n<p>left<\/p>\n<p>theme<\/p>\n<p>Heading<\/p>\n<h2>CONTACTO<br \/>\n+34 952 587 573<\/h2>\n<p>center<\/p>\n<p>no-repeat;center top;;<\/p>\n<p>auto<\/p>\n<p>10px<\/p>\n<p>Encuentre aqu\u00ed todos nuestros datos de contacto y ubicaciones<\/p>\n<p><a href=\"https:\/\/grupo-protec.com\/contacto\/\" target=\"_blank\" rel=\"noopener\">https:\/\/grupo-protec.com\/contacto\/<\/a><\/p>\n<p>center<\/p>\n<p>icon-globe<\/p>\n<p>left<\/p>\n<p>theme<\/p>\n<p>Contact form<\/p>\n<h2 style=\"color: #fff;\">ENV\u00cdENOS UN MENSAJE<\/h2>\n<p><hr class=\"no_line\" style=\"margin: 0 auto 40px;\"\/>\n<br \/>\n<div class=\"wpcf7 no-js\" id=\"wpcf7-f2297-o1\" lang=\"en-US\" dir=\"ltr\">\n<div class=\"screen-reader-response\"><p role=\"status\" aria-live=\"polite\" aria-atomic=\"true\"><\/p> <ul><\/ul><\/div>\n<form action=\"\/es\/wp-json\/wp\/v2\/pages\/2293#wpcf7-f2297-o1\" method=\"post\" class=\"wpcf7-form init\" aria-label=\"Contact form\" novalidate=\"novalidate\" data-status=\"init\">\n<div style=\"display: none;\">\n<input type=\"hidden\" name=\"_wpcf7\" value=\"2297\" \/>\n<input type=\"hidden\" name=\"_wpcf7_version\" value=\"5.7.2\" \/>\n<input type=\"hidden\" name=\"_wpcf7_locale\" value=\"en_US\" \/>\n<input type=\"hidden\" name=\"_wpcf7_unit_tag\" value=\"wpcf7-f2297-o1\" \/>\n<input type=\"hidden\" name=\"_wpcf7_container_post\" value=\"0\" \/>\n<input type=\"hidden\" name=\"_wpcf7_posted_data_hash\" value=\"\" \/>\n<input type=\"hidden\" name=\"_wpcf7_recaptcha_response\" value=\"\" \/>\n<\/div>\n<div class=\"column one-second\">\n\t<p><span class=\"wpcf7-form-control-wrap\" data-name=\"your-name\"><input size=\"40\" class=\"wpcf7-form-control wpcf7-text wpcf7-validates-as-required\" aria-required=\"true\" aria-invalid=\"false\" placeholder=\"Nombre\" value=\"\" type=\"text\" name=\"your-name\" \/><\/span>\n\t<\/p>\n<\/div>\n<div class=\"column one-second\">\n\t<p><span class=\"wpcf7-form-control-wrap\" data-name=\"your-email\"><input size=\"40\" class=\"wpcf7-form-control wpcf7-text wpcf7-email wpcf7-validates-as-required wpcf7-validates-as-email\" aria-required=\"true\" aria-invalid=\"false\" placeholder=\"Email\" value=\"\" type=\"email\" name=\"your-email\" \/><\/span>\n\t<\/p>\n<\/div>\n<div class=\"column one\">\n\t<p><span class=\"wpcf7-form-control-wrap\" data-name=\"your-subject\"><input size=\"40\" class=\"wpcf7-form-control wpcf7-text wpcf7-validates-as-required\" aria-required=\"true\" aria-invalid=\"false\" placeholder=\"Asunto\" value=\"\" type=\"text\" name=\"your-subject\" \/><\/span>\n\t<\/p>\n<\/div>\n<div class=\"column one\">\n\t<p><span class=\"wpcf7-form-control-wrap\" data-name=\"your-message\"><textarea cols=\"40\" rows=\"3\" class=\"wpcf7-form-control wpcf7-textarea wpcf7-validates-as-required\" aria-required=\"true\" aria-invalid=\"false\" placeholder=\"Mensaje\" name=\"your-message\"><\/textarea><\/span>\n\t<\/p>\n<\/div>\n<div class=\"column one\">\n\n<\/div>\n<p><span class=\"wpcf7-form-control-wrap\" data-name=\"acceptance-641\"><span class=\"wpcf7-form-control wpcf7-acceptance\"><span class=\"wpcf7-list-item\"><label><input type=\"checkbox\" name=\"acceptance-641\" value=\"1\" aria-invalid=\"false\" \/><span class=\"wpcf7-list-item-label\">He le\u00eddo y acepto la <a href=\"\/es\/politica-de-proteccion-de-datos\">Pol\u00edtica de Privacidad<\/a><\/span><\/label><\/span><\/span><\/span><br \/>\n<label><br \/>\n<\/label>\n<\/p>\n<ol>\n\t<li>\n\t\t<p>Responsable de los datos: C-TEC PRO-TEC GROUP SPAIN, S.L.\n\t\t<\/p>\n\t<\/li>\n\t<li>\n\t\t<p>Finalidad de los datos: Responder al usuario sobre los comentarios enviados a trav\u00e9s de este formulario.\n\t\t<\/p>\n\t<\/li>\n\t<li>\n\t\t<p>Almacenamiento de los datos: Gestor de correo desde el que respondemos al usuario.\n\t\t<\/p>\n\t<\/li>\n\t<li>\n\t\t<p>Derechos: En cualquier momento puedes <a href=\"\/es\/politica-de-proteccion-de-datos\">limitar, recuperar y borrar tu informaci\u00f3n<\/a>.\n\t\t<\/p>\n\t<\/li>\n<\/ol>\n<div class=\"column one\">\n\t<p><input class=\"wpcf7-form-control has-spinner wpcf7-submit\" type=\"submit\" value=\"ENVIAR\" \/>\n\t<\/p>\n<\/div><p style=\"display: none !important;\" class=\"akismet-fields-container\" data-prefix=\"_wpcf7_ak_\"><label>&#916;<textarea name=\"_wpcf7_ak_hp_textarea\" cols=\"45\" rows=\"8\" maxlength=\"100\"><\/textarea><\/label><input type=\"hidden\" id=\"ak_js_1\" name=\"_wpcf7_ak_js\" value=\"89\"\/><script>document.getElementById( \"ak_js_1\" ).setAttribute( \"value\", ( new Date() ).getTime() );<\/script><\/p><div class=\"wpcf7-response-output\" aria-hidden=\"true\"><\/div><\/form><\/div><\/p>\n<p>center<\/p>\n<p>no-repeat;center top;;<\/p>\n<p>auto<\/p>\n","protected":false},"excerpt":{"rendered":"<p>Heading PROTEC VENTANAS &#8211; AHORA Y SIEMPRE Protec Ventanas es un fabricante de ventanas y puertas de la mejor calidad en Marbella y en la Costa<span class=\"excerpt-hellip\"> [\u2026]<\/span><\/p>\n","protected":false},"author":1,"featured_media":28810,"parent":0,"menu_order":0,"comment_status":"open","ping_status":"open","template":"","meta":{"footnotes":""},"class_list":["post-2293","page","type-page","status-publish","has-post-thumbnail","hentry"],"_links":{"self":[{"href":"https:\/\/protec-windows-always-again.com\/es\/wp-json\/wp\/v2\/pages\/2293","targetHints":{"allow":["GET"]}}],"collection":[{"href":"https:\/\/protec-windows-always-again.com\/es\/wp-json\/wp\/v2\/pages"}],"about":[{"href":"https:\/\/protec-windows-always-again.com\/es\/wp-json\/wp\/v2\/types\/page"}],"author":[{"embeddable":true,"href":"https:\/\/protec-windows-always-again.com\/es\/wp-json\/wp\/v2\/users\/1"}],"replies":[{"embeddable":true,"href":"https:\/\/protec-windows-always-again.com\/es\/wp-json\/wp\/v2\/comments?post=2293"}],"version-history":[{"count":5,"href":"https:\/\/protec-windows-always-again.com\/es\/wp-json\/wp\/v2\/pages\/2293\/revisions"}],"predecessor-version":[{"id":28904,"href":"https:\/\/protec-windows-always-again.com\/es\/wp-json\/wp\/v2\/pages\/2293\/revisions\/28904"}],"wp:featuredmedia":[{"embeddable":true,"href":"https:\/\/protec-windows-always-again.com\/es\/wp-json\/wp\/v2\/media\/28810"}],"wp:attachment":[{"href":"https:\/\/protec-windows-always-again.com\/es\/wp-json\/wp\/v2\/media?parent=2293"}],"curies":[{"name":"wp","href":"https:\/\/api.w.org\/{rel}","templated":true}]}}