{"id":2303,"date":"2016-07-06T19:25:58","date_gmt":"2016-07-06T17:25:58","guid":{"rendered":"https:\/\/protec-windows-always-again.com\/es\/?page_id=2303"},"modified":"2017-02-15T19:19:06","modified_gmt":"2017-02-15T17:19:06","slug":"responsabilidades","status":"publish","type":"page","link":"https:\/\/protec-windows-always-again.com\/es\/responsabilidades\/","title":{"rendered":"Responsabilidades"},"content":{"rendered":"<p>Toda informaci\u00f3n contenida en \u00e9ste sitio WEB solo sirve como gu\u00eda de intereses espec\u00edficos.<\/p>\n<p>Debido a la naturaleza cambiante de las leyes, normas y decretos y las restricciones inherentes de la comunicaci\u00f3n electr\u00f3nica, este sitio puede contener retrasos, deficiencias o inexactitudes relativas a la informaci\u00f3n.<\/p>\n<p>Hemos hecho todo lo posible para asegurar, que la informaci\u00f3n ofrecida bajo grupo-protec.com provenga de fuentes fidedignas. Grupo Protec no se hace responsable de los errores o deficiencias, o por el uso de la informaci\u00f3n reproducida en grupo-protec.com.<\/p>\n<p>Toda la informaci\u00f3n ofrecida en este sitio se transmite tal y come es, sin ninguna garant\u00eda sobre su totalidad, exactitud o el uso de la misma, obtenida a trav\u00e9s de Grupo Protec. Sin garant\u00eda de ning\u00fan tipo, impl\u00edcita o expl\u00edcita y sin limitarse a cualquier tipo de logro, uso o idoneidad para cualquier tipo de prop\u00f3sito.<\/p>\n<p>Bajo ninguna circunstancia Grupo Protec, sus empresas vinculadas, empresas o socios, representantes o empleados pueden ser considerados responsables de cualquier decisi\u00f3n o acci\u00f3n que se realice o ya iniciada con dependencia a la informaci\u00f3n representada por Grupo Protec, sobre todo y bajo ning\u00fan concepto, por posibles da\u00f1os advertidos con anterioridad.<\/p>\n<p>Grupo Protec no se hace responsable de los links vinculados a trav\u00e9s de este sitio con otros sitios propiedad de terceros y sobre los cuales Grupo Protec no ejerce absolutamente ning\u00fan control.<\/p>\n<p>Grupo Protec no se responsabiliza de la apariencia, la exactitud o cualquier otro aspecto de la informaci\u00f3n ofrecida en los sitios web externos.<\/p>\n<p>Grupo Protec<br \/>\nE-mail:<a href=\"mailto:info@grupo-protec.com\"> info@grupo-protec.com<\/a><\/p>\n","protected":false},"excerpt":{"rendered":"<p>Toda informaci\u00f3n contenida en \u00e9ste sitio WEB solo sirve como gu\u00eda de intereses espec\u00edficos. Debido a la naturaleza cambiante de las leyes, normas y decretos y<span class=\"excerpt-hellip\"> [\u2026]<\/span><\/p>\n","protected":false},"author":1,"featured_media":0,"parent":0,"menu_order":0,"comment_status":"closed","ping_status":"closed","template":"","meta":{"footnotes":""},"class_list":["post-2303","page","type-page","status-publish","hentry"],"_links":{"self":[{"href":"https:\/\/protec-windows-always-again.com\/es\/wp-json\/wp\/v2\/pages\/2303","targetHints":{"allow":["GET"]}}],"collection":[{"href":"https:\/\/protec-windows-always-again.com\/es\/wp-json\/wp\/v2\/pages"}],"about":[{"href":"https:\/\/protec-windows-always-again.com\/es\/wp-json\/wp\/v2\/types\/page"}],"author":[{"embeddable":true,"href":"https:\/\/protec-windows-always-again.com\/es\/wp-json\/wp\/v2\/users\/1"}],"replies":[{"embeddable":true,"href":"https:\/\/protec-windows-always-again.com\/es\/wp-json\/wp\/v2\/comments?post=2303"}],"version-history":[{"count":1,"href":"https:\/\/protec-windows-always-again.com\/es\/wp-json\/wp\/v2\/pages\/2303\/revisions"}],"predecessor-version":[{"id":2304,"href":"https:\/\/protec-windows-always-again.com\/es\/wp-json\/wp\/v2\/pages\/2303\/revisions\/2304"}],"wp:attachment":[{"href":"https:\/\/protec-windows-always-again.com\/es\/wp-json\/wp\/v2\/media?parent=2303"}],"curies":[{"name":"wp","href":"https:\/\/api.w.org\/{rel}","templated":true}]}}