{"id":2305,"date":"2016-07-06T19:26:51","date_gmt":"2016-07-06T17:26:51","guid":{"rendered":"https:\/\/protec-windows-always-again.com\/es\/?page_id=2305"},"modified":"2018-05-14T15:38:25","modified_gmt":"2018-05-14T13:38:25","slug":"politica-de-proteccion-de-datos","status":"publish","type":"page","link":"https:\/\/protec-windows-always-again.com\/es\/politica-de-proteccion-de-datos\/","title":{"rendered":"Pol\u00edtica de protecci\u00f3n de datos"},"content":{"rendered":"<h2>Introducci\u00f3n<\/h2>\n<p>En C-TEC PRO-TEC CATO GROUP DEVELOPMENT SPAIN, S.L. nos preocupamos mucho por la confianza que deposita el usuario en nosotros. Por ello, y porque es un requisito legal obligatorio, ponemos a tu disposici\u00f3n esta pol\u00edtica de privacidad donde de forma clara y honesta explicamos las condiciones que asumimos a la hora de capturar, gestionar y almacenar los datos de los Usuarios que se relacionan con esta p\u00e1gina y que nos facilitan sus datos personales, y c\u00f3mo los utilizamos.<\/p>\n<p>En esta web se respetan y cuidan los datos personales de los usuarios. Como usuario debes saber que tus derechos&nbsp;est\u00e1n garantizados.<\/p>\n<p>Esta web se ha construido para que sea un espacio seguro y confiable; estos son nuestros principios respecto a tu privacidad:<\/p>\n<p>? Nunca solicitamos informaci\u00f3n personal a menos que realmente sea necesaria para prestarte los servicios que requieras.<\/p>\n<p>? Nunca compartimos informaci\u00f3n personal de los usuarios&nbsp;con nadie, excepto para cumplir con la ley o en caso que cuente con tu autorizaci\u00f3n expresa.<\/p>\n<p>? Nunca utilizamos tus datos personales con una finalidad diferente a la expresada en esta pol\u00edtica de privacidad.<\/p>\n<p>Esta pol\u00edtica de privacidad puede variar en funci\u00f3n de exigencias legislativas o de autoregulaci\u00f3n, por lo que es aconsejable su visionado de forma peri\u00f3dica.<\/p>\n<p>Siempre ser\u00e1 aplicable cuando el usuario decida rellenar cualquiera de los formularios de contacto o de suscripci\u00f3n donde se recojan datos de car\u00e1cter personal (nombre, email, etc.).<\/p>\n<h2>\u00bfQu\u00e9 Leyes incorpora esta pol\u00edtica de privacidad?<\/h2>\n<p>Esta p\u00e1gina web se somete a la legislaci\u00f3n espa\u00f1ol y a la europea y est\u00e1 adaptada a las tres leyes siguientes:<\/p>\n<p>El&nbsp;RGPD&nbsp;(<a href=\"https:\/\/www.boe.es\/doue\/2016\/119\/L00001-00088.pdf\" target=\"_blank\" rel=\"noopener\">Reglamento (UE) 2016\/679 del Parlamento Europeo y del Consejo de 27 de abril de 2016 relativo a la protecci\u00f3n de las personas f\u00edsicas<\/a>)&nbsp;que es la nueva normativa de la Uni\u00f3n Europea que unifica la regulaci\u00f3n del tratamiento de los datos personales en los distintos pa\u00edses de la UE.<\/p>\n<p>La&nbsp;LOPD&nbsp;(<a href=\"https:\/\/www.boe.es\/buscar\/doc.php?id=BOE-A-1999-23750\" target=\"_blank\" rel=\"noopener\">Ley Org\u00e1nica 15\/1999, de 13 de diciembre, de Protecci\u00f3n de Datos de Car\u00e1cter Personal&nbsp;y&nbsp;Real Decreto 1720\/2007, de 21 de diciembre, el Reglamento de desarrollo de la LOPD<\/a>) que regula el tratamiento de los datos personales y las obligaciones que debemos asumir los responsables de una web o un blog a la hora de gestionar esta informaci\u00f3n.<\/p>\n<p>La&nbsp;LSSI&nbsp;(<a href=\"http:\/\/www.boe.es\/buscar\/doc.php?id=BOE-A-2002-13758\" target=\"_blank\" rel=\"noopener\">Ley 34\/2002, de 11 de julio, de Servicios de la Sociedad de la Informaci\u00f3n y Comercio Electr\u00f3nico<\/a>)&nbsp;que regula las transacciones econ\u00f3micas mediante medios electr\u00f3nicos, como es el caso de este blog.<\/p>\n<h2>Identidad del responsable<\/h2>\n<p>La primera obligaci\u00f3n que asumimos es ser transparentes respecto a la identidad del responsable de esta p\u00e1gina web y es por ello que a continuaci\u00f3n te informamos de nuestros datos:<\/p>\n<p>Nombre: C-TEC PRO-TEC CATO GROUP DEVELOPMENT SPAIN, S.L.<\/p>\n<p>Nombre comercial: Grupo Protec<\/p>\n<p>Nif\/Cif: B-92883057<\/p>\n<p>Domicilio social: Camino Pera De Agua 104, Pol\u00edgono Industrial Los Perales (Diseminado Las Lagunas), Buz\u00f3n 15, 29651 Mijas (M\u00e1laga)<\/p>\n<p>Actividad: Construcci\u00f3n<\/p>\n<p>Correo electr\u00f3nico: <a href=\"mailto:info@grupo-protec.com\">info@grupo-protec.com<\/a><\/p>\n<h2>Principios aplicados a tu informaci\u00f3n personal<\/h2>\n<p>En el tratamiento de datos personales aplicaremos los siguientes principios que se ajustan a las exigencias del nuevo reglamento europeo de protecci\u00f3n de datos:<\/p>\n<ul>\n<li>Principio de licitud, lealtad y transparencia:&nbsp;siempre requeriremos tu consentimiento para el tratamiento de tus datos personales para uno o varios fines espec\u00edficos que te informaremos previamente con absoluta transparencia.<\/li>\n<li>Principio de minimizaci\u00f3n de datos:&nbsp;solo solicitamos datos estrictamente necesarios en relaci\u00f3n con los fines para los que los necesitamos. Los m\u00ednimos posibles.<\/li>\n<li>Principio de limitaci\u00f3n del plazo de conservaci\u00f3n:&nbsp;los datos ser\u00e1n mantenidos durante no m\u00e1s tiempo del necesario para los fines del tratamiento, en funci\u00f3n a la finalidad, te informaremos del plazo de conservaci\u00f3n correspondiente, en el caso de suscripciones, peri\u00f3dicamente revisaremos nuestras listas y eliminaremos aquellos registros inactivos durante un tiempo considerable.<\/li>\n<li>Principio de integridad y confidencialidad:&nbsp;tus datos ser\u00e1n tratados de tal manera que se garantice una seguridad adecuada de los datos personales y se garantice confidencialidad. Tomamos todas las precauciones necesarias para evitar el acceso no autorizado o uso indebido de los datos de nuestros usuarios por parte de terceros.<\/li>\n<\/ul>\n<h2>\u00bfCu\u00e1ndo recogeremos tus datos personales en esta web?<\/h2>\n<p>A continuaci\u00f3n describimos las diferentes situaciones en donde se pueden requerir los datos personales del usuario en esta p\u00e1gina:<\/p>\n<ul>\n<li>Cuando te pongas en contacto con C-TEC PRO-TEC CATO GROUP DEVELOPMENT SPAIN, S.L. a trav\u00e9s del formulario de contacto, los datos requeridos son tu nombre, un e-mail, un tel\u00e9fono de contacto y el mensaje enviado por el usuario.<\/li>\n<li>Cuando rellenes cualquier formulario en la web para suscribirte. En este caso s\u00f3lo solicitamos tu nombre y tu correo electr\u00f3nico.<\/li>\n<li>Cuando publiques alg\u00fan comentario en alguno de los contenidos de la web, en ese caso, tus comentarios son gestionados por el gestor de comentarios&nbsp;de WordPress, que enlaza con tus datos de perfiles en redes sociales.<\/li>\n<li>Cuando rellenes alg\u00fan formulario en la web para solicitar servicios de terceros. En este caso te pedimos tu nombre, un email, el tel\u00e9fono y luego lo que quieras explicar.<\/li>\n<\/ul>\n<h2>Finalidad del tratamiento de tus datos personales<\/h2>\n<p>Cuando un usuario llega a esta p\u00e1gina, est\u00e1 facilitando informaci\u00f3n de car\u00e1cter personal de la que es responsable C-TEC PRO-TEC CATO GROUP DEVELOPMENT SPAIN, S.L..<\/p>\n<p>Cuando un usuario se conecta a esta p\u00e1gina, por ejemplo para comentar un post, mandar un correo, suscribirse o realizar alguna contrataci\u00f3n, est\u00e1s facilitando informaci\u00f3n de car\u00e1cter personal de la que es responsable&nbsp;C-TEC PRO-TEC CATO GROUP DEVELOPMENT SPAIN, S.L. . Esa informaci\u00f3n puede incluir datos de car\u00e1cter personal como pueden ser tu direcci\u00f3n IP, nombre, direcci\u00f3n f\u00edsica, direcci\u00f3n de correo electr\u00f3nico, n\u00famero de tel\u00e9fono, etc.<\/p>\n<p>Al facilitar esta informaci\u00f3n, t\u00fa como Usuario&nbsp;das tu consentimiento&nbsp;para que tu informaci\u00f3n sea recopilada, utilizada, gestionada y almacenada por C-TEC PRO-TEC CATO GROUP DEVELOPMENT SPAIN, S.L., s\u00f3lo como se describe en el&nbsp;Aviso Legal&nbsp;y en la presente Pol\u00edtica de Privacidad.<\/p>\n<p>Las finalidades con las que se recogen y gestionan datos en C-TEC PRO-TEC CATO GROUP DEVELOPMENT SPAIN, S.L. son estas en funci\u00f3n de cada sistema de captura (formularios):<\/p>\n<p><strong>-Formulario de contacto<\/strong><\/p>\n<p>Se solicitan los siguientes datos personales: Nombre, Email, Otros, para responder a los requerimientos de los usuarios de C-TEC PRO-TEC CATO GROUP DEVELOPMENT SPAIN, S.L..<\/p>\n<p>Por ejemplo, podemos utilizar esos datos para responder a tu solicitud y dar respuesta a las dudas, quejas, comentarios o inquietudes que puedas tener relativas a la informaci\u00f3n incluida en la p\u00e1gina, los servicios que se prestan a trav\u00e9s de la misma, as\u00ed como cualquier otra consulta que puedas tener y que no est\u00e9 sujeta a las condiciones de contrataci\u00f3n. Te informo que los datos que nos facilitas estar\u00e1n ubicados en los servidores donde se aloja este sitio, dentro de la UE.<\/p>\n<p><strong>-Formulario de alta para comentarios de la p\u00e1gina<\/strong><\/p>\n<p>Para comentar las publicaciones de la web de C-TEC PRO-TEC CATO GROUP DEVELOPMENT SPAIN, S.L. se requiere que el usuario se d\u00e9 de alta a trav\u00e9s de este formulario. En este caso, solicitamos los siguientes datos personales:&nbsp;Nombre e&nbsp;Email. Una vez dado de alta, el usuario podr\u00e1 realizar tantos comentarios como desee y dar respuesta sobre los anteriores. Te informo que los datos que me facilitas estar\u00e1n ubicados en los servidores de nuestro proveedor de hosting, dentro de la UE,<\/p>\n<h2>Otras finalidades por la que tratamos tus datos personales:<\/h2>\n<ul>\n<li>Para garantizar el cumplimiento de las condiciones de uso y la ley aplicable. Esto puede incluir el desarrollo de herramientas y algoritmos que ayudan a esta p\u00e1gina a garantizar la confidencialidad de los datos personales que recoge.<\/li>\n<li>Para apoyar y mejorar los servicios que ofrece esta p\u00e1gina.<\/li>\n<li>Tambi\u00e9n se recogen otros datos&nbsp;no identificativos&nbsp;que se obtienen mediante algunas cookies que se descargan en el ordenador del usuario cuando navega en este blog y que se detallo en la&nbsp;pol\u00edtica de cookies.<\/li>\n<li>Para gestionar las redes sociales. El tratamiento de los datos que se lleve a cabo de las personas que se hagan seguidoras en las redes sociales de las p\u00e1ginas oficiales de C-TEC PRO-TEC CATO GROUP DEVELOPMENT SPAIN, S.L., se regir\u00e1 por este apartado. As\u00ed como por aquellas condiciones de uso, pol\u00edticas de privacidad y normativas de acceso&nbsp;que pertenezcan a la red social&nbsp;que proceda en cada caso y aceptadas previamente por el usuario. Trataremos tus datos con las finalidades de administrar correctamente nuestra presencia en la red social, informando de actividades, productos o servicios de C-TEC PRO-TEC CATO GROUP DEVELOPMENT SPAIN, S.L.. As\u00ed como para cualquier otra finalidad que las normativas de las redes sociales permitan. En ning\u00fan caso utilizaremos los perfiles de seguidores en redes sociales para enviar publicidad de manera individual.<\/li>\n<\/ul>\n<p>De acuerdo a lo establecido en el reglamento general de protecci\u00f3n de datos europeo (RGPD) 2016\/679, C-TEC PRO-TEC CATO GROUP DEVELOPMENT SPAIN, S.L. con domicilio en Camino Pera De Agua 104, Pol\u00edgono Industrial Los Perales (Diseminado Las Lagunas), Buz\u00f3n 15 ser\u00e1 responsable del tratamiento de los datos correspondientes.<\/p>\n<p>Todos estos tratamientos est\u00e1n sujetos a tu consentimiento,&nbsp; y nunca se har\u00e1 un uso diferente de tus datos&nbsp;y ten por seguro que en ning\u00fan caso y bajo ninguna circunstancia venderemos datos de suscriptores o usuarios de este sitio web.<\/p>\n<p>En ning\u00fan caso cederemos tus datos personales a terceros&nbsp;a menos que cuente con tu consentimiento previo (y esto s\u00f3lo ocurrir\u00e1 si nos solicitas servicios que podemos prestar a trav\u00e9s de colaboradores, en cuyo caso ser\u00e1s avisado previamente).<\/p>\n<p>Ten en cuenta que siempre tendr\u00e1s la opci\u00f3n de \u201cdarte de baja\u201d de manera autom\u00e1tica en los distintos emails que recibas como suscriptor de nuestra lista de correo o envi\u00e1ndonos un email: <a href=\"mailto:info@grupo-protec.com\">info@grupo-protec.com<\/a>.<\/p>\n<p>Aunque sin duda lo m\u00e1s sencillo es hacerlo directamente desde el enlace del propio email, que es mucho m\u00e1s \u00e1gil y autom\u00e1tico.<\/p>\n<p>Como Usuario responder\u00e1s, en cualquier caso, de la veracidad de los datos que nos facilites y yo, como responsable de C-TEC PRO-TEC CATO GROUP DEVELOPMENT SPAIN, S.L., me reservo el derecho a excluir de los servicios prestados en esta p\u00e1gina a todo Usuario que haya facilitado datos falsos, sin perjuicio de las dem\u00e1s acciones que procedan en Derecho.<\/p>\n<h2>Tus derechos cuando nos facilitas tus datos<\/h2>\n<p>La legislaci\u00f3n vigente en materia de&nbsp;Protecci\u00f3n de Datos&nbsp;reconoce una serie de derechos que tienes sobre&nbsp;C-TEC PRO-TEC CATO GROUP DEVELOPMENT SPAIN, S.L.&nbsp;como Usuario que ha prestado sus datos, como son:<\/p>\n<ul>\n<li>Solicitar el acceso a los datos personales relativos al interesado<\/li>\n<li>Solicitar su rectificaci\u00f3n o supresi\u00f3n<\/li>\n<li>Solicitar la limitaci\u00f3n de su tratamiento<\/li>\n<li>Oponerse al tratamiento<\/li>\n<li>Y por el tipo de informaci\u00f3n que prestas en esta web, este es el \u00fanico derecho que&nbsp;NO puedes ejercitar:<\/li>\n<\/ul>\n<p>No se puede ejercitar el derecho a la portabilidad de los datos.<br \/>\nEn esta p\u00e1gina&nbsp;se respetan estos derechos&nbsp;y podr\u00e1s ejercitarlos siempre que quieras. Te atenderemos r\u00e1pidamente si quieres solicitar cualquiera de estas peticiones.<\/p>\n<p>El ejercicio de estos derechos es personal y debe por tanto ser ejercido directamente por el interesado, solicit\u00e1ndolo directamente al responsable\/titular de los ficheros, lo que significa que cualquier cliente, suscriptor o colaborador&nbsp;que me haya facilitado sus datos en alg\u00fan momento, puede dirigirse a esta p\u00e1gina y pedirnos informaci\u00f3n sobre&nbsp;los datos que tenemos almacenados y c\u00f3mo los hemos obtenido (derecho de acceso), puede solicitarnos la rectificaci\u00f3n de los mismos, oponerse a que los tratemos, que limitemos su uso o en su caso la cancelaci\u00f3n de esos datos&nbsp;en nuestros ficheros.<\/p>\n<p>Puedes enviarnos cualquier petici\u00f3n de este tipo y ejercitar los derechos de acceso, rectificaci\u00f3n, cancelaci\u00f3n y oposici\u00f3n a trav\u00e9s de correo postal a Camino Pera De Agua 104, Pol\u00edgono Industrial Los Perales (Diseminado Las Lagunas), Buz\u00f3n 15 o envi\u00e1ndome un email a <a href=\"mailto:info@grupo-protec.com\">info@grupo-protec.com<\/a> junto con la prueba v\u00e1lida en derecho como una fotocopia del D.N.I. o equivalente, indicando en el asunto \u201cPROTECCI\u00d3N DE DATOS\u201d.<\/p>\n<p>Y por supuesto tambi\u00e9n tienes derecho a la tutela judicial efectiva y a presentar una reclamaci\u00f3n ante la autoridad de control, en este caso, la&nbsp;Agencia Espa\u00f1ola de Protecci\u00f3n de Datos, si consideras que el tratamiento de datos personales infringe el reglamento.<\/p>\n<h2>Legitimaci\u00f3n para el tratamiento de tus datos<\/h2>\n<p>La base legal para el tratamiento de tus datos es&nbsp;el consentimiento. Para contactar, suscribirte o realizar comentarios en esta p\u00e1gina&nbsp;se requiere tu consentimiento&nbsp;con esta pol\u00edtica de privacidad.<\/p>\n<p>Y las ofertas comerciales que puedas recibir de productos y servicios est\u00e1 basada en el consentimiento que se te solicita sin que, en ning\u00fan caso, la retirada de este consentimiento condicione tu suscripci\u00f3n.<\/p>\n<h2>Categor\u00eda de datos<\/h2>\n<p>Las categor\u00edas de los datos que se tratan en este blog son simplemente&nbsp;datos identificativos.<\/p>\n<p>No se tratan categor\u00edas de datos especialmente protegidos.<\/p>\n<h2>\u00bfPor cu\u00e1nto tiempo conservaremos tus datos?<\/h2>\n<p>Los datos personales que nos proporciones se conservar\u00e1n hasta que nos solicites su eliminaci\u00f3n.<\/p>\n<h2>\u00bfA qu\u00e9 destinatarios se comunicar\u00e1n tus datos?<\/h2>\n<p>Muchas herramientas que utilizamos para gestionar tus datos son contratadas por terceros.<\/p>\n<p>Para poder prestar servicios estrictamente necesarios para el desarrollo de C-TEC PRO-TEC CATO GROUP DEVELOPMENT SPAIN, S.L., compartimos datos con los siguientes prestadores bajo sus correspondientes condiciones de privacidad:<\/p>\n<ul>\n<li>Google Analytics:&nbsp;un servicio anal\u00edtico de web prestado por Google, Inc., una compa\u00f1\u00eda de Delaware cuya oficina principal est\u00e1 en 1600 Amphitheatre Parkway, Mountain View (California), CA 94043, Estados Unidos (\u201cGoogle\u201d).<br \/>\nGoogle Analytics&nbsp;utiliza \u201ccookies\u201d, que son archivos de texto ubicados en tu ordenador, para ayudar a miposicionamientoweb.es a analizar el uso que hacen los usuarios del blog. La informaci\u00f3n que genera la cookie acerca de su uso en C-TEC PRO-TEC CATO GROUP DEVELOPMENT SPAIN, S.L.(incluyendo tu direcci\u00f3n IP) ser\u00e1 directamente transmitida y archivada por Google en los servidores de Estados Unidos.<\/li>\n<li>Hosting:&nbsp;Strato trata los datos con la finalidad de realizar sus servicios de hosting a C-TEC PRO-TEC CATO GROUP DEVELOPMENT SPAIN, S.L.<\/li>\n<li>Plataforma web:&nbsp;Automattic Inc., con domicilio en EEUU,&nbsp; trata los datos con la finalidad de realizar sus servicios de plataforma web (WordPress.org) a C-TEC PRO-TEC CATO GROUP DEVELOPMENT SPAIN, S.L..<br \/>\nSe incluyen en este tipo de cookies servicios de terceros como: AdWords y Google Analytics, as\u00ed como una serie de servicios de la marca DoubleClick. Al visitar esta p\u00e1gina, se env\u00edan cookies procedentes de esos servicios a tu navegador. <a href=\"https:\/\/www.google.es\/intl\/es\/policies\/technologies\/types\/\" target=\"_blank\" rel=\"noopener\">Consulta m\u00e1s informaci\u00f3n sobre los&nbsp;tipos de cookies<\/a> que utiliza Google, y descubre<a href=\"https:\/\/www.google.es\/intl\/es\/policies\/technologies\/cookies\/\" target=\"_blank\" rel=\"noopener\">&nbsp;c\u00f3mo Google utiliza estas cookies<\/a>.<\/li>\n<\/ul>\n<p>Si deseas obtener m\u00e1s informaci\u00f3n sobre esta pr\u00e1ctica y conocer sus opciones para impedir que estas empresas usen esta informaci\u00f3n,&nbsp;<a href=\"https:\/\/www.google.es\/policies\/privacy\" target=\"_blank\" rel=\"noopener\">haz clic aqu\u00ed<\/a>.<\/p>\n<h2>Navegaci\u00f3n<\/h2>\n<p>Al navegar por C-TEC PRO-TEC CATO GROUP DEVELOPMENT SPAIN, S.L. se pueden recoger datos no identificables, que pueden incluir, direcciones IP, ubicaci\u00f3n geogr\u00e1fica (aproximadamente), un registro de c\u00f3mo se utilizan los servicios y sitios, y otros datos que&nbsp;no pueden ser utilizados para identificar al usuario.<\/p>\n<p>Entre los datos no identificativos est\u00e1n tambi\u00e9n los relacionados a tus h\u00e1bitos de navegaci\u00f3n a trav\u00e9s de servicios de terceros.&nbsp;Esta web utiliza los siguientes servicios de an\u00e1lisis de terceros:<\/p>\n<h2>Google Analytics<\/h2>\n<p>Utilizamos esta informaci\u00f3n para analizar tendencias, administrar la p\u00e1gina, rastrear los movimientos de los usuarios alrededor de la p\u00e1gina y para recopilar informaci\u00f3n demogr\u00e1fica sobre nuestra base de usuarios en su conjunto. Se trata simplemente de informaci\u00f3n que usamos para&nbsp;mejorar siempre la navegabilidad de la p\u00e1gina.<\/p>\n<h2>Secreto y seguridad de los datos<\/h2>\n<p>Puedes estar tranquilo, porque en C-TEC PRO-TEC CATO GROUP DEVELOPMENT SPAIN, S.L. nos comprometo en el uso y tratamiento de los datos personales de los usuarios, respetando su confidencialidad y a utilizarlos de acuerdo con la finalidad con la que se recogieron. Y tambi\u00e9n a cumplir nuestra obligaci\u00f3n de guardarlos y adaptar&nbsp;todas las medidas&nbsp;para evitar la alteraci\u00f3n, p\u00e9rdida, tratamiento o acceso no autorizado, tal y como establece la normativa vigente de protecci\u00f3n de datos.<\/p>\n<p>Este p\u00e1gina web incluye un&nbsp;certificado SSL. Se trata de un protocolo de seguridad que hace que tus datos viajen de manera \u00edntegra y segura, es decir, la transmisi\u00f3n de los datos entre un servidor y usuario web, y en retroalimentaci\u00f3n, est\u00e1 totalmente cifrada o encriptada.<\/p>\n<p>L\u00f3gicamente, C-TEC PRO-TEC CATO GROUP DEVELOPMENT SPAIN, S.L. no puede garantizar la absoluta inexpugnabilidad de Internet y por tanto la violaci\u00f3n de los datos mediante accesos fraudulentos por parte de terceros como hackers y otros.<\/p>\n<p>Con respecto a la confidencialidad del procesamiento, te aseguramos que cualquier persona que est\u00e9 autorizada por C-TEC PRO-TEC CATO GROUP DEVELOPMENT SPAIN, S.L. para procesar tus datos (incluido el personal, colaboradores y prestadores), estar\u00e1 bajo la obligaci\u00f3n apropiada de confidencialidad (ya sea un deber contractual o legal).<\/p>\n<p>Cuando se presente alg\u00fan incidente de seguridad, al darnos cuenta, desde C-TEC PRO-TEC CATO GROUP DEVELOPMENT SPAIN, S.L. te notificaremos al momento y te facilitaremos toda la informaci\u00f3n necesaria con el Incidente de Seguridad tal como se conozca o cuando nos lo solicites.<\/p>\n<h2>Exactitud y veracidad de los datos<\/h2>\n<p>Ten en cuenta que como Usuario, eres el \u00fanico responsable de la veracidad y correcci\u00f3n de los datos que remitas a C-TEC PRO-TEC CATO GROUP DEVELOPMENT SPAIN, S.L. exoner\u00e1ndome a m\u00ed, C-TEC PRO-TEC CATO GROUP DEVELOPMENT SPAIN, S.L., de cualquier responsabilidad al respecto.<\/p>\n<p>Es decir, que los Usuarios&nbsp;garantizan y responden, en cualquier caso, de la exactitud, vigencia y autenticidad de los datos personales facilitados, y se comprometen a mantenerlos debidamente actualizados. El usuario acepta proporcionar informaci\u00f3n completa y&nbsp;correcta&nbsp;en el formulario de contacto o suscripci\u00f3n.<\/p>\n<h2>Aceptaci\u00f3n y Consentimiento<\/h2>\n<p>Como una pol\u00edtica de privacidad es un contrato entre t\u00fa y nosotros para poder entendernos, es necesario que la hayas le\u00eddo y&nbsp;est\u00e9s conforme&nbsp;con estas condiciones sobre la protecci\u00f3n de datos de car\u00e1cter personal, aceptando y consintiendo el tratamiento de los mismos por mi parte (C-TEC PRO-TEC CATO GROUP DEVELOPMENT SPAIN, S.L.), en la forma y para las finalidades que te hemos indicado en esta pol\u00edtica y en el&nbsp;aviso legal.<\/p>\n<h2>Revocabilidad<\/h2>\n<p>El consentimiento que nos prestas, tanto para el tratamiento como para la cesi\u00f3n de tus datos,&nbsp;es revocable en cualquier momento&nbsp;comunic\u00e1ndolo a C-TEC PRO-TEC CATO GROUP DEVELOPMENT SPAIN, S.L. tal y como te explico en esta Pol\u00edtica de Privacidad para el ejercicio de los derechos ARCO. Esta revocaci\u00f3n en ning\u00fan caso tendr\u00e1 car\u00e1cter retroactivo.<\/p>\n<h2>Cambios En La Presente Pol\u00edtica De Privacidad<\/h2>\n<p>Como responsable de esta p\u00e1gina, nos reservamos el derecho a modificar esta pol\u00edtica para adaptarla a novedades legislativas o jurisprudenciales, as\u00ed como a pr\u00e1cticas de la industria.<\/p>\n<p>En esos casos, se anunciar\u00e1n en esta p\u00e1gina los cambios que haga&nbsp;con razonable antelaci\u00f3n a su puesta en marcha.<\/p>\n<h2>Correos Comerciales<\/h2>\n<p>De acuerdo con la LSSICE, C-TEC PRO-TEC CATO GROUP DEVELOPMENT SPAIN, S.L.&nbsp;no realiza pr\u00e1cticas de SPAM, por lo que no enviamos correos comerciales por v\u00eda electr\u00f3nica que no se hayan identificado debidamente y adem\u00e1s no hayan sido previamente solicitados o autorizados por el Usuario.<\/p>\n<p>Cada uno de los formularios que hay en la p\u00e1gina, el Usuario tiene la posibilidad de dar su consentimiento expreso para recibir nuestra&nbsp;Newsletter, con independencia de la informaci\u00f3n comercial puntualmente solicitada.<\/p>\n<p>Si tienes cualquier duda s\u00f3lo tienes que contactar con nosotros.<\/p>\n","protected":false},"excerpt":{"rendered":"<p>Introducci\u00f3n En C-TEC PRO-TEC CATO GROUP DEVELOPMENT SPAIN, S.L. nos preocupamos mucho por la confianza que deposita el usuario en nosotros. Por ello, y porque es<span class=\"excerpt-hellip\"> [\u2026]<\/span><\/p>\n","protected":false},"author":1,"featured_media":0,"parent":0,"menu_order":0,"comment_status":"closed","ping_status":"closed","template":"","meta":{"footnotes":""},"class_list":["post-2305","page","type-page","status-publish","hentry"],"_links":{"self":[{"href":"https:\/\/protec-windows-always-again.com\/es\/wp-json\/wp\/v2\/pages\/2305","targetHints":{"allow":["GET"]}}],"collection":[{"href":"https:\/\/protec-windows-always-again.com\/es\/wp-json\/wp\/v2\/pages"}],"about":[{"href":"https:\/\/protec-windows-always-again.com\/es\/wp-json\/wp\/v2\/types\/page"}],"author":[{"embeddable":true,"href":"https:\/\/protec-windows-always-again.com\/es\/wp-json\/wp\/v2\/users\/1"}],"replies":[{"embeddable":true,"href":"https:\/\/protec-windows-always-again.com\/es\/wp-json\/wp\/v2\/comments?post=2305"}],"version-history":[{"count":3,"href":"https:\/\/protec-windows-always-again.com\/es\/wp-json\/wp\/v2\/pages\/2305\/revisions"}],"predecessor-version":[{"id":2376,"href":"https:\/\/protec-windows-always-again.com\/es\/wp-json\/wp\/v2\/pages\/2305\/revisions\/2376"}],"wp:attachment":[{"href":"https:\/\/protec-windows-always-again.com\/es\/wp-json\/wp\/v2\/media?parent=2305"}],"curies":[{"name":"wp","href":"https:\/\/api.w.org\/{rel}","templated":true}]}}